{"id":93,"date":"2022-12-13T22:08:04","date_gmt":"2022-12-13T21:08:04","guid":{"rendered":"https:\/\/kapital-noviny.sk\/eshop\/?post_type=product&#038;p=93"},"modified":"2026-04-15T12:34:39","modified_gmt":"2026-04-15T10:34:39","slug":"t-hucko-eugen-gindl-na-hrane-mozneho","status":"publish","type":"product","link":"https:\/\/kapital-noviny.sk\/eshop\/produkt\/t-hucko-eugen-gindl-na-hrane-mozneho\/","title":{"rendered":"Eugen Gindl. Na hrane mo\u017en\u00e9ho"},"content":{"rendered":"<p><b>Eugen Gindl <\/b>(1944 \u2014 2021) bol v\u00fdznamn\u00fd slovensk\u00fd report\u00e9r, publicista, scen\u00e1rista, dramatik a obc\u030ciansky aktivista. V rozhovoroch s Tom\u00e1\u0161om Huc\u030ckom, \u0161\u00e9fredaktorom mesac\u030cn\u00edka Kapit\u00e1l, hovor\u00ed o d\u00f4le\u017eit\u00fdch m\u00edl\u030cnikoch svojho \u017eivota \u2014 o kari\u00e9re report\u00e9ra, o cenz\u00fare poc\u030cas normaliz\u00e1cie i o svojich filmov\u00fdch a divadeln\u00fdch projektoch. Spom\u00edna na emigr\u00e1ciu do Nemecka po okup\u00e1cii v roku 1968, na pr\u00edpravu environment\u00e1lneho samizdatu Bratislava\/ nahlas a na svoju \u00fac\u030cast\u030c na udalostiach Novembra 1989 a pr\u00e1cu v c\u030casopisoch Verejnost\u030c, OS a Kozmos. Prem\u00fd\u0161l\u030ca ale aj o l\u00e1ske k pr\u00edrode, spolupr\u00e1ci s \u0160tB c\u030cio bud\u00facnosti slovenskej i svetovej l\u030cavice. Rozhovory dopl\u0301n\u030caj\u00fa spomienky jeho priatel\u030cov, spolupracovn\u00edkov a bl\u00edzkych, ktor\u00e9 pribli\u017euj\u00fa t\u00fato v\u00fdnimoc\u030cn\u00fa osobnost\u030c slovensk\u00e9ho intelektu\u00e1lneho a spoloc\u030censk\u00e9ho \u017eivota.<\/p>\n<p>Vznik knihy z verejn\u00fdch zdrojov podporil Fond na podporu umenia a Nad\u00e1cia mesta Bratislavy.<\/p>\n","protected":false},"excerpt":{"rendered":"<p>Eugen Gindl (1944 \u2014 2021) bol v\u00fdznamn\u00fd slovensk\u00fd report\u00e9r, publicista&#8230;<\/p>\n","protected":false},"featured_media":141,"comment_status":"closed","ping_status":"closed","template":"","meta":{"_acf_changed":false,"_secondary_title":""},"product_brand":[],"product_cat":[23,33],"product_tag":[],"class_list":{"0":"post-93","1":"product","2":"type-product","3":"status-publish","4":"has-post-thumbnail","6":"product_cat-kniha","7":"product_cat-kptl","9":"first","10":"instock","11":"sale","12":"purchasable","13":"product-type-simple"},"acf":[],"_links":{"self":[{"href":"https:\/\/kapital-noviny.sk\/eshop\/wp-json\/wp\/v2\/product\/93","targetHints":{"allow":["GET"]}}],"collection":[{"href":"https:\/\/kapital-noviny.sk\/eshop\/wp-json\/wp\/v2\/product"}],"about":[{"href":"https:\/\/kapital-noviny.sk\/eshop\/wp-json\/wp\/v2\/types\/product"}],"replies":[{"embeddable":true,"href":"https:\/\/kapital-noviny.sk\/eshop\/wp-json\/wp\/v2\/comments?post=93"}],"wp:featuredmedia":[{"embeddable":true,"href":"https:\/\/kapital-noviny.sk\/eshop\/wp-json\/wp\/v2\/media\/141"}],"wp:attachment":[{"href":"https:\/\/kapital-noviny.sk\/eshop\/wp-json\/wp\/v2\/media?parent=93"}],"wp:term":[{"taxonomy":"product_brand","embeddable":true,"href":"https:\/\/kapital-noviny.sk\/eshop\/wp-json\/wp\/v2\/product_brand?post=93"},{"taxonomy":"product_cat","embeddable":true,"href":"https:\/\/kapital-noviny.sk\/eshop\/wp-json\/wp\/v2\/product_cat?post=93"},{"taxonomy":"product_tag","embeddable":true,"href":"https:\/\/kapital-noviny.sk\/eshop\/wp-json\/wp\/v2\/product_tag?post=93"}],"curies":[{"name":"wp","href":"https:\/\/api.w.org\/{rel}","templated":true}]}}