{"id":92,"date":"2022-10-13T22:08:04","date_gmt":"2022-10-13T20:08:04","guid":{"rendered":"https:\/\/kapital-noviny.sk\/eshop\/?post_type=product&#038;p=92"},"modified":"2026-04-14T21:12:42","modified_gmt":"2026-04-14T19:12:42","slug":"andre-gorz-ekologia-a-politika-ekologia-a-sloboda","status":"publish","type":"product","link":"https:\/\/kapital-noviny.sk\/eshop\/produkt\/andre-gorz-ekologia-a-politika-ekologia-a-sloboda\/","title":{"rendered":"Ekol\u00f3gia a politika Ekol\u00f3gia a sloboda"},"content":{"rendered":"<p>Dve vizion\u00e1rske eseje obsiahnut\u00e9 v knihe: <em>Ekol<\/em><em>\u00f3<\/em><em>gia a politika <\/em>a <em>Ekol<\/em><em>\u00f3<\/em><em>gia a sloboda, <\/em>poch\u00e1dzaj\u00fa z pera franc\u00fazskeho filozofa, jednej z najv\u00fdraznej\u0161\u00edch post\u00e1v <em>politickej ekol<\/em><em>\u00f3<\/em><em>gie <\/em>ANDR\u00c9HO GORZA. Nap\u00edsal ich v 70. rokoch minul\u00e9ho storoc\u030cia a ich \u00fastrednou t\u00e9mou s\u00fa najhlb\u0161ie pr\u00edc\u030ciny a d\u00f4sledky ekologickej kr\u00edzy.<\/p>\n<p><em>\u201eVieme, \u017ee n\u00e1\u0161 svet sa skonc\u030c\u00ed; \u017ee ak budeme takto pokrac\u030covat\u030c, \u017eivot v moriach a riekach zanikne, p\u00f4da strat\u00ed prirodzen\u00fa \u00farodnost\u030c, vzduch v mest\u00e1<\/em><em>ch n<\/em><em>\u00e1s zadus\u00ed a \u017eivot sa stane privil<\/em><em>\u00e9<\/em><em>giom t\u00fdch, ktor\u00ed jedin\u00ed bud\u00fa <\/em><em>mat<\/em><em>\u030c pr\u00e1<\/em><em>vo stat<\/em><em>\u030c sa vyvolen\u00fd<\/em><em>mi exempl<\/em><em>\u00e1rmi novej l\u030cudskej rasy, prisp\u00f4sobenej chemick\u00fdmi procesmi na nov\u00fa ekologick\u00fa niku, ktor\u00fa <\/em><em>pre n<\/em><em>\u030c<\/em><em>u synte<\/em><em>ticky z\u00edskaj\u00fa biologick\u00ed in\u017e<\/em><em>inieri...<\/em><em>\u201c <\/em><\/p>\n<p style=\"text-align: right;\">(Andr\u00e9 Gorz)<\/p>\n<h3>O autorovi:<\/h3>\n<p>Andr\u00e9 Gorz (Michel Bosquet), vlastn\u00fdm menom Gerhart Hirsch (1923, Viede\u0148 - 2007, Vosnon), franc\u00fazsky \u013eavicov\u00fd soci\u00e1lny filozof rak\u00faskeho p\u00f4vodu. Autor zn\u00e1meho rom\u00e1nu Listy pre D. V\u00fdrazn\u00fd\u00a0 predstavite\u013e politickej ekol\u00f3gie a spolu so Jeanom-Paulom Sartrom jeden zo zakladate\u013eov \u010dasopisu Nouvel Observateur. Zaoberal sa marxistickou te\u00f3riou odcudzenia pr\u00e1ce a vplyvom kapitalistickej produkcie na \u017eivotn\u00e9 prostredie. V jeho diele rezonuj\u00fa my\u0161lienky Jacquesa Ellula, Gunthera Andersa, ako aj rak\u00faskeho anarchisticko-katol\u00edckeho filozofa Ivana Illicha.<\/p>\n","protected":false},"excerpt":{"rendered":"<p>Dve vizion\u00e1rske eseje obsiahnut\u00e9 v knihe: <em>Ekol<\/em><em>&#8230;<\/em><\/p>\n","protected":false},"featured_media":140,"comment_status":"closed","ping_status":"closed","template":"","meta":{"_acf_changed":false,"_secondary_title":""},"product_brand":[],"product_cat":[23,33],"product_tag":[],"class_list":{"0":"post-92","1":"product","2":"type-product","3":"status-publish","4":"has-post-thumbnail","6":"product_cat-kniha","7":"product_cat-kptl","9":"first","10":"instock","11":"sale","12":"purchasable","13":"product-type-simple"},"acf":[],"_links":{"self":[{"href":"https:\/\/kapital-noviny.sk\/eshop\/wp-json\/wp\/v2\/product\/92","targetHints":{"allow":["GET"]}}],"collection":[{"href":"https:\/\/kapital-noviny.sk\/eshop\/wp-json\/wp\/v2\/product"}],"about":[{"href":"https:\/\/kapital-noviny.sk\/eshop\/wp-json\/wp\/v2\/types\/product"}],"replies":[{"embeddable":true,"href":"https:\/\/kapital-noviny.sk\/eshop\/wp-json\/wp\/v2\/comments?post=92"}],"wp:featuredmedia":[{"embeddable":true,"href":"https:\/\/kapital-noviny.sk\/eshop\/wp-json\/wp\/v2\/media\/140"}],"wp:attachment":[{"href":"https:\/\/kapital-noviny.sk\/eshop\/wp-json\/wp\/v2\/media?parent=92"}],"wp:term":[{"taxonomy":"product_brand","embeddable":true,"href":"https:\/\/kapital-noviny.sk\/eshop\/wp-json\/wp\/v2\/product_brand?post=92"},{"taxonomy":"product_cat","embeddable":true,"href":"https:\/\/kapital-noviny.sk\/eshop\/wp-json\/wp\/v2\/product_cat?post=92"},{"taxonomy":"product_tag","embeddable":true,"href":"https:\/\/kapital-noviny.sk\/eshop\/wp-json\/wp\/v2\/product_tag?post=92"}],"curies":[{"name":"wp","href":"https:\/\/api.w.org\/{rel}","templated":true}]}}