{"id":547,"date":"2025-09-09T15:48:55","date_gmt":"2025-09-09T13:48:55","guid":{"rendered":"https:\/\/kapital-noviny.sk\/eshop\/?post_type=product&#038;p=547"},"modified":"2026-04-14T21:12:42","modified_gmt":"2026-04-14T19:12:42","slug":"duchovia-mojho-zivota","status":"publish","type":"product","link":"https:\/\/kapital-noviny.sk\/eshop\/produkt\/duchovia-mojho-zivota\/","title":{"rendered":"Duchovia m\u00f4jho \u017eivota"},"content":{"rendered":"<h3>O\u00a0knihe:<\/h3>\n<p>V knihe Duchovia m\u00f4jho \u017eivota britsk\u00fd kult\u00farny teoretik Mark Fisher sk\u00fama, ako s\u00fa\u010dasn\u00e1 popul\u00e1rna kult\u00fara trp\u00ed stratou bud\u00facnosti. Cez hudbu, film a literat\u00faru analyzuje jav \u201ehauntol\u00f3gie\u201c \u2013 pr\u00edtomnos\u0165 minul\u00fdch v\u00edzi\u00ed bud\u00facnosti, ktor\u00e9 sa nikdy nenaplnili, no st\u00e1le n\u00e1s prenasleduj\u00fa. Fisher sa venuje tvorbe umelcov ako Burial, Joy Division, Tricky \u010di David Peace, a ukazuje, ako ich diela odzrkad\u013euj\u00fa melanch\u00f3liu, stagn\u00e1ciu a t\u00fa\u017ebu po alternat\u00edvnych bud\u00facnostiach. Kniha je prenikavou kritikou neschopnosti s\u00fa\u010dasnosti oslobodi\u0165 sa od minulosti a z\u00e1rove\u0148 v\u00fdzvou k obnove kult\u00farnej a politickej predstavivosti.<\/p>\n<h3>O\u00a0autorovi<\/h3>\n<p>Mark Fisher (1968 \u2013 2017) bol anglick\u00fdm spisovate\u013eom, kult\u00farnym teoretikom a\u00a0pedag\u00f3gom. Spoluzakladal the Cybernetic Culture Research Unit (V\u00fdskumn\u00e1 jednotka kybernetickej kult\u00fary) a\u00a0vydavate\u013estv\u00e1 Zero Books a\u00a0Repeater Books. Predn\u00e1\u0161al v\u00a0Centre kultur\u00e1lnych \u0161t\u00fadi\u00ed a\u00a0na Katedre vizu\u00e1lnych kult\u00far fakulty Goldsmiths, University of London. Blog o\u00a0radik\u00e1lnej politike, hudbe a\u00a0popul\u00e1rnej kult\u00fare, ktor\u00fdm sa presl\u00e1vil, je dostupn\u00fd na <a href=\"http:\/\/k-punk.abstractdynamics.org\/\" target=\"_blank\" rel=\"noopener\">http:\/\/k-punk.abstractdynamics.org<\/a>. V\u00a0roku 2017 sp\u00e1chal samovra\u017edu.<\/p>\n<p><a href=\"https:\/\/kapital-noviny.sk\/duchovia-mojho-zivota\/\"><strong>Uk\u00e1\u017eka z diela.<\/strong><\/a><\/p>\n","protected":false},"excerpt":{"rendered":"<p>O\u00a0knihe:<\/p>\n<p>V knihe Duchovia m\u00f4jho \u017eivota britsk\u00fd kult\u00farny teoretik Mark Fisher sk\u00fama&#8230;<\/p>\n","protected":false},"featured_media":578,"comment_status":"closed","ping_status":"closed","template":"","meta":{"_acf_changed":false,"_secondary_title":""},"product_brand":[],"product_cat":[23,33],"product_tag":[],"class_list":{"0":"post-547","1":"product","2":"type-product","3":"status-publish","4":"has-post-thumbnail","6":"product_cat-kniha","7":"product_cat-kptl","9":"first","10":"instock","11":"purchasable","12":"product-type-simple"},"acf":[],"_links":{"self":[{"href":"https:\/\/kapital-noviny.sk\/eshop\/wp-json\/wp\/v2\/product\/547","targetHints":{"allow":["GET"]}}],"collection":[{"href":"https:\/\/kapital-noviny.sk\/eshop\/wp-json\/wp\/v2\/product"}],"about":[{"href":"https:\/\/kapital-noviny.sk\/eshop\/wp-json\/wp\/v2\/types\/product"}],"replies":[{"embeddable":true,"href":"https:\/\/kapital-noviny.sk\/eshop\/wp-json\/wp\/v2\/comments?post=547"}],"wp:featuredmedia":[{"embeddable":true,"href":"https:\/\/kapital-noviny.sk\/eshop\/wp-json\/wp\/v2\/media\/578"}],"wp:attachment":[{"href":"https:\/\/kapital-noviny.sk\/eshop\/wp-json\/wp\/v2\/media?parent=547"}],"wp:term":[{"taxonomy":"product_brand","embeddable":true,"href":"https:\/\/kapital-noviny.sk\/eshop\/wp-json\/wp\/v2\/product_brand?post=547"},{"taxonomy":"product_cat","embeddable":true,"href":"https:\/\/kapital-noviny.sk\/eshop\/wp-json\/wp\/v2\/product_cat?post=547"},{"taxonomy":"product_tag","embeddable":true,"href":"https:\/\/kapital-noviny.sk\/eshop\/wp-json\/wp\/v2\/product_tag?post=547"}],"curies":[{"name":"wp","href":"https:\/\/api.w.org\/{rel}","templated":true}]}}