{"id":546,"date":"2025-09-04T09:53:46","date_gmt":"2025-09-04T07:53:46","guid":{"rendered":"https:\/\/kapital-noviny.sk\/eshop\/?post_type=product&#038;p=546"},"modified":"2026-04-14T21:12:42","modified_gmt":"2026-04-14T19:12:42","slug":"nehybny-putnik","status":"publish","type":"product","link":"https:\/\/kapital-noviny.sk\/eshop\/produkt\/nehybny-putnik\/","title":{"rendered":"Nehybn\u00fd p\u00fatnik"},"content":{"rendered":"<h3><b>O knihe<\/b>:<\/h3>\n<div>\n<div>\n<p style=\"font-weight: 400;\">Wendell Berry (*1934) je oce\u0148ovan\u00fd americk\u00fd spisovate\u013e, esejista a ekologick\u00fd aktivista. Vo v\u00fdbere z jeho esej\u00ed - od \u0161es\u0165desiatych rokov po s\u00fa\u010dasnos\u0165 - v\u00e1m prin\u00e1\u0161ame prierez jeho myslen\u00edm o udr\u017eate\u013enosti, technol\u00f3gi\u00e1ch a vz\u0165ahu k p\u00f4de, pr\u00edrode a komunite. Jeho kritick\u00e9 a prenikav\u00e9 texty upozor\u0148uj\u00fa na hrozby glob\u00e1lneho kapitalizmu, modern\u00e9ho sp\u00f4sobu \u017eivota a in\u0161piruj\u00fa k zodpovednej\u0161\u00edm rozhodnutiam pre bud\u00face gener\u00e1cie. V knihe \u201eNehybn\u00fd p\u00fatnik\u201c vych\u00e1dzaj\u00fa Berryho texty prv\u00fdkr\u00e1t v sloven\u010dine.<\/p>\n<p><a href=\"https:\/\/kapital-noviny.sk\/wendell-berry-rozkos-z-jedenia\/\"><strong>Uk\u00e1\u017eka z diela.<\/strong><\/a><\/p>\n<p><strong><a href=\"https:\/\/kapital-noviny.sk\/cisla\/2024-02-wendell-berry\/\">02\/2024 Wendell Berry<\/a> - <\/strong>\u010d\u00edslo mesa\u010dn\u00edka Kapit\u00e1l venovan\u00e9 Wendellovi Berrymu<\/p>\n<\/div>\n<\/div>\n","protected":false},"excerpt":{"rendered":"<p>O knihe:<\/p>\n<p style=\"font-weight: 400;\">Wendell Berry (*1934) je oce\u0148ovan\u00fd americk\u00fd spisovate\u013e&#8230;<\/p>\n","protected":false},"featured_media":563,"comment_status":"closed","ping_status":"closed","template":"","meta":{"_acf_changed":false,"_secondary_title":""},"product_brand":[],"product_cat":[23,33],"product_tag":[],"class_list":{"0":"post-546","1":"product","2":"type-product","3":"status-publish","4":"has-post-thumbnail","6":"product_cat-kniha","7":"product_cat-kptl","9":"first","10":"instock","11":"purchasable","12":"product-type-simple"},"acf":[],"_links":{"self":[{"href":"https:\/\/kapital-noviny.sk\/eshop\/wp-json\/wp\/v2\/product\/546","targetHints":{"allow":["GET"]}}],"collection":[{"href":"https:\/\/kapital-noviny.sk\/eshop\/wp-json\/wp\/v2\/product"}],"about":[{"href":"https:\/\/kapital-noviny.sk\/eshop\/wp-json\/wp\/v2\/types\/product"}],"replies":[{"embeddable":true,"href":"https:\/\/kapital-noviny.sk\/eshop\/wp-json\/wp\/v2\/comments?post=546"}],"wp:featuredmedia":[{"embeddable":true,"href":"https:\/\/kapital-noviny.sk\/eshop\/wp-json\/wp\/v2\/media\/563"}],"wp:attachment":[{"href":"https:\/\/kapital-noviny.sk\/eshop\/wp-json\/wp\/v2\/media?parent=546"}],"wp:term":[{"taxonomy":"product_brand","embeddable":true,"href":"https:\/\/kapital-noviny.sk\/eshop\/wp-json\/wp\/v2\/product_brand?post=546"},{"taxonomy":"product_cat","embeddable":true,"href":"https:\/\/kapital-noviny.sk\/eshop\/wp-json\/wp\/v2\/product_cat?post=546"},{"taxonomy":"product_tag","embeddable":true,"href":"https:\/\/kapital-noviny.sk\/eshop\/wp-json\/wp\/v2\/product_tag?post=546"}],"curies":[{"name":"wp","href":"https:\/\/api.w.org\/{rel}","templated":true}]}}