{"id":449,"date":"2025-05-09T15:08:56","date_gmt":"2025-05-09T13:08:56","guid":{"rendered":"https:\/\/kapital-noviny.sk\/eshop\/?post_type=product&#038;p=449"},"modified":"2026-04-01T02:25:01","modified_gmt":"2026-04-01T00:25:01","slug":"zivot-staroba-a-smrt-zeny-z-ludu","status":"publish","type":"product","link":"https:\/\/kapital-noviny.sk\/eshop\/produkt\/zivot-staroba-a-smrt-zeny-z-ludu\/","title":{"rendered":"\u017divot, staroba a smr\u0165 \u017eeny z \u013eudu"},"content":{"rendered":"<h3><b>O knihe<\/b>:<\/h3>\n<div>\n<p class=\"Telo\">Zn\u00e1my franc\u00fazsky filozof a sociol\u00f3g Didier Eribon sa vo svojej najnov\u0161ej eseji vracia do obdobia posledn\u00fdch rokov, mesiacov a dn\u00ed \u017eivota svojej matky, ktor\u00e1 zomrela v opatrovate\u013eskom zariaden\u00ed pre seniorov ne\u010faleko Reme\u0161a. Autor v knihe pod\u00e1va svedectvo o probl\u00e9mov\u00fdch rodinn\u00fdch vz\u0165ahoch, \u0165a\u017ekom \u017eivote robotn\u00edckej triedy, ale najm\u00e4 o snahe pochopi\u0165 strach, hnev a sm\u00fatok svojej matky, ktor\u00e1 musela v \u017eivote zn\u00e1\u0161a\u0165 chudobu, mu\u017esk\u00fa dominanciu a napokon samotu a fyzick\u00fd \u00fapadok. Eribon touto detailnou sondou do staroby a umierania \u017eeny z ni\u017e\u0161\u00edch vrstiev podrobuje kritike nielen franc\u00fazsky soci\u00e1lny syst\u00e9m, ale aj v\u00fdznamn\u00e9 filozofick\u00e9 a politick\u00e9 te\u00f3rie emancip\u00e1cie, ktor\u00e9 pre dlhodobo prehliadan\u00fa men\u0161inu umieraj\u00facich seniorov nemaj\u00fa \u017eiadnu relevanciu. Seniori umiestnen\u00ed do opatrovate\u013esk\u00fdch zariaden\u00ed nemaj\u00fa \u017eiadnu verejn\u00fa pozornos\u0165, \u017eiadnu politick\u00fa reprezent\u00e1ciu ani hnutie. Eribon nap\u00edsal t\u00fato knihu, aby dal hlas t\u00fdm, o ktor\u00fdch sa spolo\u010dnos\u0165 nezauj\u00edma, a pouk\u00e1zal na ich politick\u00e9 pr\u00e1va.<\/p>\n<h3><b>O autorovi<\/b>:<\/h3>\n<div>\n<p class=\"Telo\">Didier Eribon (1953) je franc\u00fazsky filozof, sociol\u00f3g a spisovate\u013e. Vo svojich teoretick\u00fdch pr\u00e1cach sa venuje najm\u00e4 probl\u00e9mom sexu\u00e1lnych men\u0161\u00edn a triednym nerovnostiam vo Franc\u00fazsku. Je tie\u017e autorom \u017eivotopisu Michela Foucaulta \u010di kni\u017en\u00e9ho rozhovoru s Claudom L\u00e9vi-Straussom. Vo svojej autobiografickej knihe <i>N\u00e1vrat do Reme\u0161a<\/i> (2009) tematizuje svoj robotn\u00edcky p\u00f4vod a probl\u00e9my s identitou, ktor\u00fdm musel ako homosexu\u00e1l a \u010dlovek s intelektu\u00e1lnymi z\u00e1ujmami vo svojom okol\u00ed \u010deli\u0165. V poslednej knihe <i>\u017divot, staroba a smr\u0165 \u017eeny z \u013eudu<\/i>(2023) sa op\u00e4\u0165 vracia k t\u00e9mam rodinnej hist\u00f3rie a soci\u00e1lnym probl\u00e9mom robotn\u00edckej triedy.<\/p>\n<\/div>\n<\/div>\n","protected":false},"excerpt":{"rendered":"<p>O knihe:<\/p>\n<p>Zn\u00e1my franc\u00fazsky filozof a sociol\u00f3g Didier Eribon sa vo svojej najnov\u0161ej eseji vracia do obdobia posledn\u00fdch rokov&#8230;<\/p>\n","protected":false},"featured_media":451,"comment_status":"closed","ping_status":"closed","template":"","meta":{"_acf_changed":false,"_secondary_title":""},"product_brand":[],"product_cat":[23,33],"product_tag":[],"class_list":{"0":"post-449","1":"product","2":"type-product","3":"status-publish","4":"has-post-thumbnail","6":"product_cat-kniha","7":"product_cat-kptl","9":"first","10":"instock","11":"purchasable","12":"product-type-simple"},"acf":[],"_links":{"self":[{"href":"https:\/\/kapital-noviny.sk\/eshop\/wp-json\/wp\/v2\/product\/449","targetHints":{"allow":["GET"]}}],"collection":[{"href":"https:\/\/kapital-noviny.sk\/eshop\/wp-json\/wp\/v2\/product"}],"about":[{"href":"https:\/\/kapital-noviny.sk\/eshop\/wp-json\/wp\/v2\/types\/product"}],"replies":[{"embeddable":true,"href":"https:\/\/kapital-noviny.sk\/eshop\/wp-json\/wp\/v2\/comments?post=449"}],"wp:featuredmedia":[{"embeddable":true,"href":"https:\/\/kapital-noviny.sk\/eshop\/wp-json\/wp\/v2\/media\/451"}],"wp:attachment":[{"href":"https:\/\/kapital-noviny.sk\/eshop\/wp-json\/wp\/v2\/media?parent=449"}],"wp:term":[{"taxonomy":"product_brand","embeddable":true,"href":"https:\/\/kapital-noviny.sk\/eshop\/wp-json\/wp\/v2\/product_brand?post=449"},{"taxonomy":"product_cat","embeddable":true,"href":"https:\/\/kapital-noviny.sk\/eshop\/wp-json\/wp\/v2\/product_cat?post=449"},{"taxonomy":"product_tag","embeddable":true,"href":"https:\/\/kapital-noviny.sk\/eshop\/wp-json\/wp\/v2\/product_tag?post=449"}],"curies":[{"name":"wp","href":"https:\/\/api.w.org\/{rel}","templated":true}]}}