{"id":406,"date":"2025-04-18T11:58:09","date_gmt":"2025-04-18T09:58:09","guid":{"rendered":"https:\/\/kapital-noviny.sk\/eshop\/?post_type=product&#038;p=406"},"modified":"2026-04-02T07:39:23","modified_gmt":"2026-04-02T05:39:23","slug":"byvanie-v-case-kriz","status":"publish","type":"product","link":"https:\/\/kapital-noviny.sk\/eshop\/produkt\/byvanie-v-case-kriz\/","title":{"rendered":"B\u00fdvanie v \u010dase kr\u00edz. (The Housing in Times of Crisis.)"},"content":{"rendered":"<h3><b>O knihe<\/b>:<\/h3>\n<p><span style=\"font-weight: 400;\">Ako sa d\u00e1 hovori\u0165 o b\u00fdvan\u00ed v Eur\u00f3pe, kde sa bytov\u00e1 politika \u010doraz viac podriadila logike trhu a \u010doraz menej sa opiera o starostlivos\u0165 a solidaritu? T\u00e1to dvojjazy\u010dn\u00e1 kniha vznikla v Ko\u0161iciach \u2013 na mieste, kde sa pret\u00ednaj\u00fa hranice, pr\u00edbehy \u013eud\u00ed na \u00fateku a ka\u017edodenn\u00e9 z\u00e1pasy s nedostupn\u00fdm b\u00fdvan\u00edm. V roku 2022 sa mesto stalo jedn\u00fdm z hlavn\u00fdch centier pomoci pre \u013eud\u00ed prich\u00e1dzaj\u00facich z Ukrajiny. No popri vlne solidarity sa r\u00fdchlo uk\u00e1zala aj in\u00e1 realita: stovky pr\u00e1zdnych bytov, minimum dostupn\u00fdch n\u00e1strojov a takmer \u017eiadna verejn\u00e1 infra\u0161trukt\u00fara, ktor\u00e1 by ich vedela spravodlivo spr\u00edstupni\u0165.<\/span><\/p>\n<p><span style=\"font-weight: 400;\">Zborn\u00edk <\/span><i><span style=\"font-weight: 400;\">B\u00fdvanie v \u010dase kr\u00edz<\/span><\/i><span style=\"font-weight: 400;\"> prep\u00e1ja sk\u00fasenosti zo Slovenska s eur\u00f3pskym kontextom. Sleduje, ako sa klimatick\u00e1 kr\u00edza, ekonomick\u00e1 nestabilita, zlyhanie trhu s b\u00fdvan\u00edm \u010di d\u00f4sledky migr\u00e1cie pretavuj\u00fa do konkr\u00e9tnych ka\u017edodenn\u00fdch situ\u00e1ci\u00ed. Autorky a autori z r\u00f4znych k\u00fatov Eur\u00f3py tu spolo\u010dne prem\u00fd\u0161\u013eaj\u00fa, diskutuj\u00fa, kreslia mapy a vytv\u00e1raj\u00fa nov\u00e9 aliancie. Ukazuj\u00fa, \u017ee b\u00fdvanie nie je len o tom, kde a ako \u017eijeme \u2013 ale aj o tom, \u010do pova\u017eujeme za spolo\u010dn\u00e9, spravodliv\u00e9 a mo\u017en\u00e9.<\/span><\/p>\n<p><span style=\"font-weight: 400;\">Publik\u00e1cia nadv\u00e4zuje na podnety a ot\u00e1zky letnej \u0161koly Never Never School 2023 \u2013 priestoru pre dialogick\u00e9 vzdel\u00e1vanie a interdisciplin\u00e1rne experimentovanie s urb\u00e1nnymi ut\u00f3piami. Kolekt\u00edv Spolka+ ju organizuje od roku 2018 v Ko\u0161iciach pre jednotlivcov a kolekt\u00edvy z oblasti architekt\u00fary, umenia, soci\u00e1lnych vied a miestotvorby. Ka\u017ed\u00fd ro\u010dn\u00edk prep\u00e1ja r\u00f4zne perspekt\u00edvy a vytv\u00e1ra priestor pre spolo\u010dn\u00e9 odpovede na naliehav\u00e9 ot\u00e1zky s\u00fa\u010dasnosti. Ro\u010dn\u00edk 2023, zameran\u00fd na t\u00e9mu b\u00fdvania, sa stal z\u00e1kladom tejto knihy.<\/span><\/p>\n","protected":false},"excerpt":{"rendered":"<p>O knihe:<\/p>\n<p>Ako sa d\u00e1 hovori\u0165 o b\u00fdvan\u00ed v Eur\u00f3pe&#8230;<\/p>\n","protected":false},"featured_media":407,"comment_status":"closed","ping_status":"closed","template":"","meta":{"_acf_changed":false,"_secondary_title":""},"product_brand":[],"product_cat":[34,23,33],"product_tag":[],"class_list":{"0":"post-406","1":"product","2":"type-product","3":"status-publish","4":"has-post-thumbnail","6":"product_cat-e-kniha","7":"product_cat-kniha","8":"product_cat-kptl","10":"first","11":"instock","12":"purchasable","13":"product-type-variable"},"acf":[],"_links":{"self":[{"href":"https:\/\/kapital-noviny.sk\/eshop\/wp-json\/wp\/v2\/product\/406","targetHints":{"allow":["GET"]}}],"collection":[{"href":"https:\/\/kapital-noviny.sk\/eshop\/wp-json\/wp\/v2\/product"}],"about":[{"href":"https:\/\/kapital-noviny.sk\/eshop\/wp-json\/wp\/v2\/types\/product"}],"replies":[{"embeddable":true,"href":"https:\/\/kapital-noviny.sk\/eshop\/wp-json\/wp\/v2\/comments?post=406"}],"wp:featuredmedia":[{"embeddable":true,"href":"https:\/\/kapital-noviny.sk\/eshop\/wp-json\/wp\/v2\/media\/407"}],"wp:attachment":[{"href":"https:\/\/kapital-noviny.sk\/eshop\/wp-json\/wp\/v2\/media?parent=406"}],"wp:term":[{"taxonomy":"product_brand","embeddable":true,"href":"https:\/\/kapital-noviny.sk\/eshop\/wp-json\/wp\/v2\/product_brand?post=406"},{"taxonomy":"product_cat","embeddable":true,"href":"https:\/\/kapital-noviny.sk\/eshop\/wp-json\/wp\/v2\/product_cat?post=406"},{"taxonomy":"product_tag","embeddable":true,"href":"https:\/\/kapital-noviny.sk\/eshop\/wp-json\/wp\/v2\/product_tag?post=406"}],"curies":[{"name":"wp","href":"https:\/\/api.w.org\/{rel}","templated":true}]}}