{"id":385,"date":"2025-02-27T08:55:05","date_gmt":"2025-02-27T07:55:05","guid":{"rendered":"https:\/\/kapital-noviny.sk\/eshop\/?post_type=product&#038;p=385"},"modified":"2026-04-24T12:03:58","modified_gmt":"2026-04-24T10:03:58","slug":"moralna-abdikacia-ako-svet-nezastavil-destrukciu-gazy","status":"publish","type":"product","link":"https:\/\/kapital-noviny.sk\/eshop\/produkt\/moralna-abdikacia-ako-svet-nezastavil-destrukciu-gazy\/","title":{"rendered":"Mor\u00e1lna abdik\u00e1cia. Ako svet nezastavil de\u0161trukciu Gazy."},"content":{"rendered":"<h3><b>O knihe<\/b>:<\/h3>\n<p><strong>Ako v\u00e4\u010d\u0161ina z\u00e1padn\u00fdch vl\u00e1d a el\u00edt podporila zni\u010denie Gazy a uml\u010dala hlasy volaj\u00face po pr\u00e1vach Palest\u00edn\u010danov a\u00a0Palest\u00edn\u010daniek<\/strong><\/p>\n<p><span style=\"font-weight: 400;\">Franc\u00fazsky antropol\u00f3g a sociol\u00f3g Didier Fassin v tejto eseji sk\u00fama, ako v\u00e4\u010d\u0161ina z\u00e1padn\u00fdch vl\u00e1d s\u00fahlasila a \u010dasto prispela k ni\u010deniu Gazy, jej domov, infra\u0161trukt\u00fary, nemocn\u00edc, vzdel\u00e1vac\u00edch in\u0161tit\u00faci\u00ed a civiln\u00e9ho obyvate\u013estva izraelskou arm\u00e1dou.\u00a0<\/span><\/p>\n<p><span style=\"font-weight: 400;\">Nes\u00fahlasn\u00e9 hlasy boli uml\u010dan\u00e9. Zaviedla sa kontrola jazyka a myslenia. Cenz\u00fara a autocenz\u00fara sa normalizovali. Sta\u010dilo po\u017eadova\u0165 pr\u00edmerie alebo dodr\u017eiavanie humanit\u00e1rneho pr\u00e1va, a hne\u010f sa objavilo obvinenie z antisemitizmu. Ofici\u00e1lny izraelsk\u00fd narat\u00edv prebrali aj mnoh\u00e9 mainstreamov\u00e9 m\u00e9di\u00e1, ktor\u00e9 vytrvalo ignorovali palest\u00ednske sk\u00fasenosti a\u00a0perspekt\u00edvy.\u00a0<\/span><\/p>\n<p><span style=\"font-weight: 400;\">Sk\u00faman\u00edm viacer\u00fdch rozmerov extr\u00e9mnej nerovnosti \u017eivotov oboch str\u00e1n konfliktu a anal\u00fdzou komplexn\u00fdch geopolitick\u00fdch, ekonomick\u00fdch a ideologick\u00fdch podmienok, ktor\u00e9 s\u00fa jej z\u00e1kladom, vytv\u00e1ra autor arch\u00edv tohto mor\u00e1lneho zlyhania. Opustenie hodn\u00f4t a princ\u00edpov, ktor\u00e9 z\u00e1padn\u00e9 elity dlhodobo hl\u00e1saj\u00fa, pod\u013ea neho zanech\u00e1 hlbok\u00fa jazvu v dejin\u00e1ch sveta.<\/span><\/p>\n<p><strong>Pozn\u00e1mka vydavate\u013estva:<\/strong><\/p>\n<p><strong>Preklad knihy je solid\u00e1rnym projektom<\/strong> \u2013 autori a autorky sa vzdali honor\u00e1rov, rovnako ako Didier Fassin odmeny za autorsk\u00e9 pr\u00e1va. Vyzbieran\u00e1 suma 3396 eur v startlabovej kampani bola pou\u017eit\u00e1 na \u00fahradu tla\u010de, po\u0161tovn\u00e9ho a pouk\u00e1zan\u00e1 organiz\u00e1cii Palestine Children\u2019s Relief Fund (PCRF), ktor\u00e1 u\u017e od roku 1991 poskytuje medic\u00ednsku pomoc de\u0165om v Palest\u00edne.<\/p>\n<p>K\u00fapou tejto publik\u00e1cie prispievate plnou \u010diastkou organiz\u00e1cii Palestine Children\u2019s Relief Fund.<br \/>\nVyzbieran\u00fa sumu odosielame pravidelne v z\u00e1vere kalend\u00e1rneho roka. O odoslan\u00fdch \u010diastkach budeme informova\u0165 po ich odoslan\u00ed na \u00fa\u010det organiz\u00e1cie.<\/p>\n<p><em>1. Palestine Children\u2019s Relief Fund platba 01\/2025 (kampa\u0148 Startlab.sk): 1 241,00 eur<br \/>\n<\/em><em>2. Palestine Children\u2019s Relief Fund platba 02\/2025: 1327,00 eur<br \/>\n3. Palestine Children\u2019s Relief Fund platba 03\/2026: 426,00 eur<\/em><\/p>\n<h3><b>O autorovi<\/b>:<\/h3>\n<p>Franc\u00fazsky sociol\u00f3g a antropol\u00f3g Didier Fassin m\u00e1 za sebou rozsiahlu publika\u010dn\u00fa \u010dinnos\u0165, za ktor\u00fa z\u00edskal mnoh\u00e9 prest\u00ed\u017ene vyznamenania a jeho knihy boli prelo\u017een\u00e9 do viacer\u00fdch jazykov. P\u00ed\u0161e pre New York Times, London Review of Books, The Guardian a Le Monde.<\/p>\n<blockquote><p>\u201cNes\u00fahlasn\u00e9 hlasy boli uml\u010dan\u00e9. Zaviedla sa kontrola jazyka a myslenia. Cenz\u00fara a autocenz\u00fara sa normalizovali. Sta\u010dilo po\u017eadova\u0165 pr\u00edmerie alebo dodr\u017eiavanie humanit\u00e1rneho pr\u00e1va, a hne\u010f sa objavilo obvinenie z antisemitizmu. Ofici\u00e1lny izraelsk\u00fd narat\u00edv prebrali aj mnoh\u00e9 mainstreamov\u00e9 m\u00e9di\u00e1, ktor\u00e9 vytrvalo ignorovali palest\u00ednske sk\u00fasenosti a perspekt\u00edvy.\u201d<cite>Didier Fassin<\/cite><\/p><\/blockquote>\n","protected":false},"excerpt":{"rendered":"<p>O knihe:<\/p>\n<p>Ako v\u00e4\u010d\u0161ina z\u00e1padn\u00fdch vl\u00e1d a el\u00edt podporila zni\u010denie Gazy a uml\u010dala hlasy volaj\u00face po pr\u00e1vach Palest\u00edn\u010danov a\u00a0&#8230;<\/p>\n","protected":false},"featured_media":389,"comment_status":"closed","ping_status":"closed","template":"","meta":{"_acf_changed":false,"_secondary_title":""},"product_brand":[],"product_cat":[23,33],"product_tag":[],"class_list":{"0":"post-385","1":"product","2":"type-product","3":"status-publish","4":"has-post-thumbnail","6":"product_cat-kniha","7":"product_cat-kptl","9":"first","10":"instock","11":"purchasable","12":"product-type-simple"},"acf":[],"_links":{"self":[{"href":"https:\/\/kapital-noviny.sk\/eshop\/wp-json\/wp\/v2\/product\/385","targetHints":{"allow":["GET"]}}],"collection":[{"href":"https:\/\/kapital-noviny.sk\/eshop\/wp-json\/wp\/v2\/product"}],"about":[{"href":"https:\/\/kapital-noviny.sk\/eshop\/wp-json\/wp\/v2\/types\/product"}],"replies":[{"embeddable":true,"href":"https:\/\/kapital-noviny.sk\/eshop\/wp-json\/wp\/v2\/comments?post=385"}],"wp:featuredmedia":[{"embeddable":true,"href":"https:\/\/kapital-noviny.sk\/eshop\/wp-json\/wp\/v2\/media\/389"}],"wp:attachment":[{"href":"https:\/\/kapital-noviny.sk\/eshop\/wp-json\/wp\/v2\/media?parent=385"}],"wp:term":[{"taxonomy":"product_brand","embeddable":true,"href":"https:\/\/kapital-noviny.sk\/eshop\/wp-json\/wp\/v2\/product_brand?post=385"},{"taxonomy":"product_cat","embeddable":true,"href":"https:\/\/kapital-noviny.sk\/eshop\/wp-json\/wp\/v2\/product_cat?post=385"},{"taxonomy":"product_tag","embeddable":true,"href":"https:\/\/kapital-noviny.sk\/eshop\/wp-json\/wp\/v2\/product_tag?post=385"}],"curies":[{"name":"wp","href":"https:\/\/api.w.org\/{rel}","templated":true}]}}