{"id":36,"date":"2022-04-13T22:07:19","date_gmt":"2022-04-13T20:07:19","guid":{"rendered":"https:\/\/kapital-noviny.sk\/eshop\/?post_type=product&#038;p=36"},"modified":"2026-04-22T19:02:11","modified_gmt":"2026-04-22T17:02:11","slug":"siori-ito-cierna-skrinka","status":"publish","type":"product","link":"https:\/\/kapital-noviny.sk\/eshop\/produkt\/siori-ito-cierna-skrinka\/","title":{"rendered":"\u010cierna skrinka"},"content":{"rendered":"<h3><strong>O knihe:<\/strong><\/h3>\n<p>\u010cierna skrinka je osobnou v\u00fdpove\u010fou japonskej novin\u00e1rky \u0160iori It\u00f3, ktor\u00e1 si dovolila spravi\u0165 nie\u010do, \u010do \u017eeny v japonskej spolo\u010dnosti nerobia: verejne prehovorila o tom, ako bola v roku 2015 zn\u00e1silnen\u00e1 prominentn\u00fdm japonsk\u00fdm novin\u00e1rom Norijukim Jamagu\u010dim. Bezprecedentn\u00e9 odhodlanie autorky b\u00fara\u0165 tabu o sexu\u00e1lnom n\u00e1sil\u00ed p\u00e1chanom na \u017een\u00e1ch v japonskej spolo\u010dnosti vzbudilo \u0161irok\u00fd z\u00e1ujem svetov\u00fdch m\u00e9di\u00ed.<\/p>\n<h3><strong>Autorka:<\/strong><\/h3>\n<p>\u0160iori It\u00f3 je japonsk\u00e1 novin\u00e1ra, spisovate\u013eka a dokumentaristka. Vo svojej tvorbe sa venuje predov\u0161etk\u00fdm ot\u00e1zkam rodovej rovnosti a \u013eudsk\u00fdch pr\u00e1v. Jej film<em> Osamel\u00e1 smr\u0165<\/em> bol ocenen\u00fd na filmovom festivale v New Yorku v roku 2018. Za pr\u00edspevok k japonsk\u00e9mu hnutiu #MeToo ju \u010dasopis Time v roku 2020 zaradil medzi 100 najvplyvnej\u0161\u00edch \u013eud\u00ed na svete.<\/p>\n","protected":false},"excerpt":{"rendered":"<p>O knihe:<\/p>\n<p>\u010cierna skrinka je osobnou v\u00fdpove\u010fou japonskej novin\u00e1rky \u0160iori It\u00f3&#8230;<\/p>\n","protected":false},"featured_media":77,"comment_status":"closed","ping_status":"closed","template":"","meta":{"_acf_changed":false,"_secondary_title":""},"product_brand":[],"product_cat":[23,33],"product_tag":[],"class_list":{"0":"post-36","1":"product","2":"type-product","3":"status-publish","4":"has-post-thumbnail","6":"product_cat-kniha","7":"product_cat-kptl","9":"first","10":"instock","11":"sale","12":"purchasable","13":"product-type-simple"},"acf":[],"_links":{"self":[{"href":"https:\/\/kapital-noviny.sk\/eshop\/wp-json\/wp\/v2\/product\/36","targetHints":{"allow":["GET"]}}],"collection":[{"href":"https:\/\/kapital-noviny.sk\/eshop\/wp-json\/wp\/v2\/product"}],"about":[{"href":"https:\/\/kapital-noviny.sk\/eshop\/wp-json\/wp\/v2\/types\/product"}],"replies":[{"embeddable":true,"href":"https:\/\/kapital-noviny.sk\/eshop\/wp-json\/wp\/v2\/comments?post=36"}],"wp:featuredmedia":[{"embeddable":true,"href":"https:\/\/kapital-noviny.sk\/eshop\/wp-json\/wp\/v2\/media\/77"}],"wp:attachment":[{"href":"https:\/\/kapital-noviny.sk\/eshop\/wp-json\/wp\/v2\/media?parent=36"}],"wp:term":[{"taxonomy":"product_brand","embeddable":true,"href":"https:\/\/kapital-noviny.sk\/eshop\/wp-json\/wp\/v2\/product_brand?post=36"},{"taxonomy":"product_cat","embeddable":true,"href":"https:\/\/kapital-noviny.sk\/eshop\/wp-json\/wp\/v2\/product_cat?post=36"},{"taxonomy":"product_tag","embeddable":true,"href":"https:\/\/kapital-noviny.sk\/eshop\/wp-json\/wp\/v2\/product_tag?post=36"}],"curies":[{"name":"wp","href":"https:\/\/api.w.org\/{rel}","templated":true}]}}