{"id":358,"date":"2025-02-11T13:02:42","date_gmt":"2025-02-11T12:02:42","guid":{"rendered":"https:\/\/kapital-noviny.sk\/eshop\/?post_type=product&#038;p=358"},"modified":"2026-04-01T02:25:01","modified_gmt":"2026-04-01T00:25:01","slug":"vazenske-divadlo-a-globalna-kriza-vazenskeho-systemu","status":"publish","type":"product","link":"https:\/\/kapital-noviny.sk\/eshop\/produkt\/vazenske-divadlo-a-globalna-kriza-vazenskeho-systemu\/","title":{"rendered":"V\u00e4zensk\u00e9 divadlo a glob\u00e1lna kr\u00edza v\u00e4zensk\u00e9ho syst\u00e9mu"},"content":{"rendered":"<h3><b>O knihe<\/b>:<\/h3>\n<p>Predmetn\u00e1 kniha sk\u00fama \u017eivoty uv\u00e4znen\u00fdch, zahalen\u00e9 bet\u00f3nom a ostnat\u00fdm dr\u00f4tom, skryt\u00e9 pred zrakom verejnosti. Zaober\u00e1 sa a pon\u00faka praktick\u00fd n\u00e1h\u013ead do \u017eivota \u013eud\u00ed, uv\u00e4znen\u00fdch medzi m\u00farmi, ktor\u00ed po celom svete inscenuj\u00fa diela, ktor\u00e9 im umo\u017e\u0148uj\u00fa prejavi\u0165 ich \u013eudskos\u0165 a schopnosti. V\u00e4zensk\u00e9 divadlo a glob\u00e1lna kr\u00edza v\u00e4zensk\u00e9ho syst\u00e9mu pon\u00faka jedine\u010dn\u00fd preh\u013ead a sk\u00famanie v\u00e4zensk\u00e9ho divadla v medzin\u00e1rodnom kontexte. T\u00e1to kniha sa zaober\u00e1 rozli\u010dn\u00fdmi performat\u00edvnymi praktikami s\u00favisiacimi s v\u00e4zenstvom a sk\u00fama sp\u00f4soby, ak\u00fdmi praktizuj\u00faci umelci a uv\u00e4znen\u00ed \u013eudia vyu\u017e\u00edvaj\u00fa divadlo ako prostriedok na budovanie komun\u00edt, z\u00edskavanie profesion\u00e1lnych zru\u010dnost\u00ed, vytv\u00e1ranie soci\u00e1lnych zmien a udr\u017eiavanie n\u00e1deje. Autorsk\u00fd pr\u00edstup Ashley Lucas pon\u00faka osobit\u00e9 rozpr\u00e1vanie, ktor\u00e9 sa prel\u00edna s anal\u00fdzou inscen\u00e1ci\u00ed, cestopisom a jej osobnou sk\u00fasenos\u0165ou die\u0165a\u0165a uv\u00e4znen\u00e9ho otca.<\/p>\n<h3><b>O autorke<\/b>:<\/h3>\n<p>Ashley E. Lucas je docentkou divadla a dr\u00e1my, p\u00f4sob\u00ed na Intern\u00e1tnej \u0161kole pre p\u00f4vodn\u00e9 obyvate\u013estvo, \u010falej na \u0160kole umenia a dizajnu Penny Stamps, a na katedre anglick\u00e9ho jazyka a literat\u00fary Michiganskej univerzity v USA, kde je aj riadite\u013ekou projektu V\u00e4zensk\u00e9 kreat\u00edvne umenie. Spolu s Jodie Lawston editorsky pripravila knihu Razor Wire Women: Prisoners, Scholars, Artists, and Activists (2011) a spolo\u010dne zalo\u017eili rovnomenn\u00fd blog. Lucas nap\u00edsala hru Doin\u2019 Time: Through the Visiting Glass, ktor\u00fa v roku 2004 na\u0161tudovala ako one-woman show a odvtedy v nej aj \u00fa\u010dinkuje.<\/p>\n","protected":false},"excerpt":{"rendered":"<p>O knihe:<\/p>\n<p>Predmetn\u00e1 kniha sk\u00fama \u017eivoty uv\u00e4znen\u00fdch, zahalen\u00e9 bet\u00f3nom a ostnat\u00fdm dr\u00f4tom&#8230;<\/p>\n","protected":false},"featured_media":366,"comment_status":"closed","ping_status":"closed","template":"","meta":{"_acf_changed":false,"_secondary_title":""},"product_brand":[],"product_cat":[23,33],"product_tag":[],"class_list":{"0":"post-358","1":"product","2":"type-product","3":"status-publish","4":"has-post-thumbnail","6":"product_cat-kniha","7":"product_cat-kptl","9":"first","10":"instock","11":"purchasable","12":"product-type-simple"},"acf":[],"_links":{"self":[{"href":"https:\/\/kapital-noviny.sk\/eshop\/wp-json\/wp\/v2\/product\/358","targetHints":{"allow":["GET"]}}],"collection":[{"href":"https:\/\/kapital-noviny.sk\/eshop\/wp-json\/wp\/v2\/product"}],"about":[{"href":"https:\/\/kapital-noviny.sk\/eshop\/wp-json\/wp\/v2\/types\/product"}],"replies":[{"embeddable":true,"href":"https:\/\/kapital-noviny.sk\/eshop\/wp-json\/wp\/v2\/comments?post=358"}],"wp:featuredmedia":[{"embeddable":true,"href":"https:\/\/kapital-noviny.sk\/eshop\/wp-json\/wp\/v2\/media\/366"}],"wp:attachment":[{"href":"https:\/\/kapital-noviny.sk\/eshop\/wp-json\/wp\/v2\/media?parent=358"}],"wp:term":[{"taxonomy":"product_brand","embeddable":true,"href":"https:\/\/kapital-noviny.sk\/eshop\/wp-json\/wp\/v2\/product_brand?post=358"},{"taxonomy":"product_cat","embeddable":true,"href":"https:\/\/kapital-noviny.sk\/eshop\/wp-json\/wp\/v2\/product_cat?post=358"},{"taxonomy":"product_tag","embeddable":true,"href":"https:\/\/kapital-noviny.sk\/eshop\/wp-json\/wp\/v2\/product_tag?post=358"}],"curies":[{"name":"wp","href":"https:\/\/api.w.org\/{rel}","templated":true}]}}