{"id":294,"date":"2020-12-13T09:32:17","date_gmt":"2020-12-13T08:32:17","guid":{"rendered":"https:\/\/kapital-noviny.sk\/eshop\/?post_type=product&#038;p=294"},"modified":"2024-12-28T17:29:52","modified_gmt":"2024-12-28T16:29:52","slug":"bez-suhlasu-txt","status":"publish","type":"product","link":"https:\/\/kapital-noviny.sk\/eshop\/produkt\/bez-suhlasu-txt\/","title":{"rendered":"Bez s\u00fahlasu.txt"},"content":{"rendered":"<p>Monografia Bez s\u00fahlasu.txt je s\u00faborom 7 textov 10 autoriek, ktor\u00e9 v\u00a0prostred\u00ed Slovenska a\u00a0\u010ceska pojedn\u00e1vaj\u00fa o\u00a0kult\u00fare zn\u00e1silnenia. Hovoria o\u00a0postojoch, predstav\u00e1ch a\u00a0predsudkoch, ktor\u00e9 m\u00e1me o\u00a0sexu\u00e1lnom n\u00e1sil\u00ed a\u00a0ktor\u00e9 prispievaj\u00fa k\u00a0tomu, \u017ee sa sexu\u00e1lne n\u00e1silie a\u00a0ob\u0165a\u017eovanie v\u00a0na\u0161ich komunit\u00e1ch beztrestne deje aj dnes. Kult\u00fara zn\u00e1silnenia m\u00e1 svoje dopady na to, ako sa \u013eudia, ktor\u00ed za\u017eili n\u00e1silie, vysporiadavaj\u00fa so svojou situ\u00e1ciou, vyh\u013ead\u00e1vaj\u00fa pomoc a\u00a0spravodlivos\u0165.<span class=\"Apple-converted-space\">\u00a0<\/span><\/p>\n<p>Napriek tomu, \u017ee je sexu\u00e1lne n\u00e1silie spolo\u010densky odsudzovan\u00e9, kult\u00fara zn\u00e1silnenia znamen\u00e1 pretrv\u00e1vanie sexistick\u00fdch predsudkov o\u00a0tom, kto je hodn\u00e1 obe\u0165 - teda kto si zasl\u00fa\u017ei pomoc a\u00a0spravodlivos\u0165 (a kto u\u017e nie) a\u00a0o\u00a0tom, pre\u010do je vina v\u017edy (hlavne) na nej. Autorky kni\u017eky Bez s\u00fahlasu.txt p\u00ed\u0161u o\u00a0sk\u00fasenostiach z\u00a0r\u00f4znych oblast\u00ed poskytovania starostlivosti a advok\u00e1cie. Rozpr\u00e1vaj\u00fa o\u00a0tom, ako sa m\u00fdty o\u00a0sexu\u00e1lnom n\u00e1sil\u00ed udr\u017eiavaj\u00fa v\u00a0n\u00e1bo\u017eenskom u\u010den\u00ed, \u010di ako ticho o\u00a0sexu\u00e1lnom n\u00e1sil\u00ed vedie k\u00a0nedostatku jazyka a vidite\u013enosti pre t\u00fdch, ktor\u00ed n\u00e1silie za\u017eili.<\/p>\n<p>P\u00ed\u0161u o\u00a0r\u00f4znych komunit\u00e1ch, ako o\u00a0trans \u013eu\u010foch na Slovensku, \u010di o\u00a0\u017een\u00e1ch migruj\u00facich do Eur\u00f3py, ktor\u00e9 unikaj\u00fa pred n\u00e1sil\u00edm, no to sa zriedka zastav\u00ed po prekro\u010den\u00ed hran\u00edc. Hovoria o\u00a0tom, ako m\u00e9di\u00e1 vyu\u017e\u00edvaj\u00fa tr\u00f3py nah\u00fdch m\u0155tvych \u017eensk\u00fdch tiel s\u00a0cie\u013eom pred\u00e1va\u0165 vys\u00e1va\u010de, no aj o\u00a0tom, ak\u00e9 to je to vypoveda\u0165 o\u00a0svojej sk\u00fasenosti s\u00a0n\u00e1sil\u00edm na pol\u00edcii a\u00a0hovori\u0165 o\u00a0nej v\u00a0slovenskom online priestore. V\u00a0neposlednom rade chce t\u00e1to kniha pouk\u00e1za\u0165 na to, \u017ee nez\u00fa\u010dastnen\u00fd div\u00e1k\/div\u00e1\u010dka neexistuje, preto\u017ee aj ml\u010danie je sp\u00f4sob reakcie. Hovori\u0165 o\u00a0n\u00e1sil\u00ed bez toho, aby sme hovorili o\u00a0\u0161trukt\u00farach a\u00a0in\u0161tit\u00faci\u00e1ch, ktor\u00e9 ho legitimizuj\u00fa a\u00a0bagatelizuj\u00fa nie je dosta\u010duj\u00face.<\/p>\n","protected":false},"excerpt":{"rendered":"<p>Monografia Bez s\u00fahlasu.txt je s\u00faborom 7 textov 10 autoriek, ktor\u00e9 v\u00a0prostred\u00ed Slovenska a\u00a0\u010ceska pojedn\u00e1vaj\u00fa o\u00a0kult\u00fare zn\u00e1silnenia&#8230;<\/p>\n","protected":false},"featured_media":304,"comment_status":"closed","ping_status":"closed","template":"","meta":{"_acf_changed":false,"_secondary_title":""},"product_brand":[],"product_cat":[20,21,22,23,33],"product_tag":[],"class_list":{"0":"post-294","1":"product","2":"type-product","3":"status-publish","4":"has-post-thumbnail","6":"product_cat-txt","7":"product_cat-apart","8":"product_cat-display","9":"product_cat-kniha","10":"product_cat-kptl","12":"first","13":"outofstock","14":"purchasable","15":"product-type-simple"},"acf":[],"_links":{"self":[{"href":"https:\/\/kapital-noviny.sk\/eshop\/wp-json\/wp\/v2\/product\/294","targetHints":{"allow":["GET"]}}],"collection":[{"href":"https:\/\/kapital-noviny.sk\/eshop\/wp-json\/wp\/v2\/product"}],"about":[{"href":"https:\/\/kapital-noviny.sk\/eshop\/wp-json\/wp\/v2\/types\/product"}],"replies":[{"embeddable":true,"href":"https:\/\/kapital-noviny.sk\/eshop\/wp-json\/wp\/v2\/comments?post=294"}],"wp:featuredmedia":[{"embeddable":true,"href":"https:\/\/kapital-noviny.sk\/eshop\/wp-json\/wp\/v2\/media\/304"}],"wp:attachment":[{"href":"https:\/\/kapital-noviny.sk\/eshop\/wp-json\/wp\/v2\/media?parent=294"}],"wp:term":[{"taxonomy":"product_brand","embeddable":true,"href":"https:\/\/kapital-noviny.sk\/eshop\/wp-json\/wp\/v2\/product_brand?post=294"},{"taxonomy":"product_cat","embeddable":true,"href":"https:\/\/kapital-noviny.sk\/eshop\/wp-json\/wp\/v2\/product_cat?post=294"},{"taxonomy":"product_tag","embeddable":true,"href":"https:\/\/kapital-noviny.sk\/eshop\/wp-json\/wp\/v2\/product_tag?post=294"}],"curies":[{"name":"wp","href":"https:\/\/api.w.org\/{rel}","templated":true}]}}