{"id":29,"date":"2022-08-13T22:07:18","date_gmt":"2022-08-13T20:07:18","guid":{"rendered":"https:\/\/kapital-noviny.sk\/eshop\/?post_type=product&#038;p=29"},"modified":"2025-02-11T11:26:55","modified_gmt":"2025-02-11T10:26:55","slug":"mark-fisher-kapitalisticky-realizmus","status":"publish","type":"product","link":"https:\/\/kapital-noviny.sk\/eshop\/produkt\/mark-fisher-kapitalisticky-realizmus\/","title":{"rendered":"Kapitalistick\u00fd realizmus"},"content":{"rendered":"<p>Je \u013eah\u0161ie predstavi\u0165 si koniec sveta ako koniec kapitalizmu? Od roku 1989 sa kapitalizmus prezentuje ako jedin\u00fd mo\u017en\u00fd politicko-ekonomick\u00fd syst\u00e9m. Filozof a publicista Mark Fisher vo svojej knihe popisuje v\u00fdvoj a z\u00e1kladn\u00e9 princ\u00edpy ideol\u00f3gie kapitalistick\u00e9ho realizmu, ktor\u00e1 triumfuje pr\u00e1ve preto, \u017ee predstiera, \u017ee \u017eiadnou ideol\u00f3giou nie je. Anal\u00fdzou konkr\u00e9tnych pr\u00edkladov z politiky, filmu a literat\u00fary dokazuje, \u017ee kapitalistick\u00fd realizmus ovplyv\u0148uje v\u0161etky sf\u00e9ry modern\u00e9ho sp\u00f4sobu \u017eivota a kladie si ot\u00e1zku: existuje alternat\u00edva?<\/p>\n<p>Mark Fisher (1968 - 2017) bol anglick\u00fdm spisovate\u013eom, kult\u00farnym teoretikom a pedag\u00f3gom. Spoluzakladal the Cybernetic Culture Research Unit (V\u00fdskumn\u00e1 jednotka kybernetickej kult\u00fary) a vydavate\u013estv\u00e1 Zero Books a Repeater Books. Predn\u00e1\u0161al v Centre kultur\u00e1lnych \u0161t\u00fadi\u00ed a na Katedre vizu\u00e1lnych kult\u00far fakulty Goldsmiths, University of London. Blog o radik\u00e1lnej politike, hudbe a popul\u00e1rnej kult\u00fare, ktor\u00fdm sa presl\u00e1vil, je dostupn\u00fd na <a href=\"http:\/\/k-punk.abstractdynamics.org\/\" target=\"_blank\" rel=\"noopener\">http:\/\/k-punk.abstractdynamics.org<\/a>. V roku 2017 sp\u00e1chal samovra\u017edu.<\/p>\n<p>&nbsp;<\/p>\n","protected":false},"excerpt":{"rendered":"<p>Je \u013eah\u0161ie predstavi\u0165 si koniec sveta ako koniec kapitalizmu? Od roku 1989 sa kapitalizmus prezentuje ako jedin\u00fd mo\u017en\u00fd politicko-ekonomick\u00fd syst\u00e9m&#8230;<\/p>\n","protected":false},"featured_media":75,"comment_status":"closed","ping_status":"closed","template":"","meta":{"_acf_changed":false,"_secondary_title":""},"product_brand":[],"product_cat":[25,23,33],"product_tag":[],"class_list":{"0":"post-29","1":"product","2":"type-product","3":"status-publish","4":"has-post-thumbnail","6":"product_cat-eseje","7":"product_cat-kniha","8":"product_cat-kptl","10":"first","11":"outofstock","12":"purchasable","13":"product-type-simple"},"acf":[],"_links":{"self":[{"href":"https:\/\/kapital-noviny.sk\/eshop\/wp-json\/wp\/v2\/product\/29","targetHints":{"allow":["GET"]}}],"collection":[{"href":"https:\/\/kapital-noviny.sk\/eshop\/wp-json\/wp\/v2\/product"}],"about":[{"href":"https:\/\/kapital-noviny.sk\/eshop\/wp-json\/wp\/v2\/types\/product"}],"replies":[{"embeddable":true,"href":"https:\/\/kapital-noviny.sk\/eshop\/wp-json\/wp\/v2\/comments?post=29"}],"wp:featuredmedia":[{"embeddable":true,"href":"https:\/\/kapital-noviny.sk\/eshop\/wp-json\/wp\/v2\/media\/75"}],"wp:attachment":[{"href":"https:\/\/kapital-noviny.sk\/eshop\/wp-json\/wp\/v2\/media?parent=29"}],"wp:term":[{"taxonomy":"product_brand","embeddable":true,"href":"https:\/\/kapital-noviny.sk\/eshop\/wp-json\/wp\/v2\/product_brand?post=29"},{"taxonomy":"product_cat","embeddable":true,"href":"https:\/\/kapital-noviny.sk\/eshop\/wp-json\/wp\/v2\/product_cat?post=29"},{"taxonomy":"product_tag","embeddable":true,"href":"https:\/\/kapital-noviny.sk\/eshop\/wp-json\/wp\/v2\/product_tag?post=29"}],"curies":[{"name":"wp","href":"https:\/\/api.w.org\/{rel}","templated":true}]}}