{"id":289,"date":"2020-12-12T09:22:08","date_gmt":"2020-12-12T08:22:08","guid":{"rendered":"https:\/\/kapital-noviny.sk\/eshop\/?post_type=product&#038;p=289"},"modified":"2024-12-28T17:30:14","modified_gmt":"2024-12-28T16:30:14","slug":"klimaticka-kriza-txt","status":"publish","type":"product","link":"https:\/\/kapital-noviny.sk\/eshop\/produkt\/klimaticka-kriza-txt\/","title":{"rendered":"Klimatick\u00e1 kr\u00edza.txt"},"content":{"rendered":"<p><i>Klimatick\u00e1 kr\u00edza<\/i> je tre\u0165ou zbierkou ed\u00edcie, ktor\u00fa zostavuje umeleck\u00fd kolekt\u00edv APART, v\u00fdskumn\u00e9 a umeleck\u00e9ho zdru\u017eenie Display a anga\u017eovan\u00fd mesa\u010dn\u00edk Kapit\u00e1l. Vo v\u00fdbere piatich textov sa sna\u017e\u00ed nahliada\u0165 na problematiku klimatickej kr\u00edzy z r\u00f4znych perspekt\u00edv, \u010di u\u017e vo vz\u0165ahu k jej medi\u00e1lnej estetickej reprezent\u00e1cii, nekropolitike a starostlivosti o divo\u010dinu, pr\u00e1ci a kapit\u00e1lu alebo psychoanal\u00fdze a etike.<\/p>\n<p>Klimatick\u00fa kr\u00edzu ch\u00e1pe tie\u017e ako feministick\u00fd probl\u00e9m. Aj ke\u010f sa v\u0161etky zaoberaj\u00fa t\u00fdm ist\u00fdm probl\u00e9mom, ka\u017ed\u00fd sa vyd\u00e1va svojou vlastnou trajekt\u00f3riou a vykres\u013euje in\u00fa \u010das\u0165 mozaiky klimatickej kr\u00edzy, v ktorej sa nach\u00e1dzame. \u010cakaj\u00fa v\u00e1s texty T.J. Demosa, Critical Art Ensemble, Karm\u00edny, Wendy Lynne Lee, Donny M. Orange. Ed\u00edcia .txt prin\u00e1\u0161a s\u00fabor prekladov v\u00fdznamn\u00fdch svetov\u00fdch mysliteliek a myslite\u013eov, ako aj p\u00f4vodn\u00fdch slovensk\u00fdch \u010di \u010desk\u00fdch textov, ktor\u00e9 promptne reaguj\u00fa na najnov\u0161ie filozofick\u00e9, kult\u00farne, umeleck\u00e9 a spolo\u010densk\u00e9 fenom\u00e9ny.<\/p>\n<p>Tieto eseje sa pohybuj\u00fa na pomedz\u00ed akademick\u00e9ho a umeleck\u00e9ho v\u00fdskumu a anga\u017eovanej praxe akt\u00edvne sa zap\u00e1jaj\u00fa do spolo\u010denskej debaty, exponuj\u00fa probl\u00e9my, ktor\u00e9 ich tr\u00e1pia; ich hlas nie je tich\u00fd a rezignovan\u00fd, je v\u00fdrazn\u00fd a naliehav\u00fd. Pr\u00e1ve pre tieto hlasy chce by\u0165 ed\u00edcia .txt otvorenou platformou.<\/p>\n","protected":false},"excerpt":{"rendered":"<p>Klimatick\u00e1 kr\u00edza je tre\u0165ou zbierkou ed\u00edcie, ktor\u00fa zostavuje umeleck\u00fd kolekt\u00edv APART&#8230;<\/p>\n","protected":false},"featured_media":306,"comment_status":"closed","ping_status":"closed","template":"","meta":{"_acf_changed":false,"_secondary_title":""},"product_brand":[],"product_cat":[20,21,22,23,33],"product_tag":[],"class_list":{"0":"post-289","1":"product","2":"type-product","3":"status-publish","4":"has-post-thumbnail","6":"product_cat-txt","7":"product_cat-apart","8":"product_cat-display","9":"product_cat-kniha","10":"product_cat-kptl","12":"first","13":"outofstock","14":"purchasable","15":"product-type-simple"},"acf":[],"_links":{"self":[{"href":"https:\/\/kapital-noviny.sk\/eshop\/wp-json\/wp\/v2\/product\/289","targetHints":{"allow":["GET"]}}],"collection":[{"href":"https:\/\/kapital-noviny.sk\/eshop\/wp-json\/wp\/v2\/product"}],"about":[{"href":"https:\/\/kapital-noviny.sk\/eshop\/wp-json\/wp\/v2\/types\/product"}],"replies":[{"embeddable":true,"href":"https:\/\/kapital-noviny.sk\/eshop\/wp-json\/wp\/v2\/comments?post=289"}],"wp:featuredmedia":[{"embeddable":true,"href":"https:\/\/kapital-noviny.sk\/eshop\/wp-json\/wp\/v2\/media\/306"}],"wp:attachment":[{"href":"https:\/\/kapital-noviny.sk\/eshop\/wp-json\/wp\/v2\/media?parent=289"}],"wp:term":[{"taxonomy":"product_brand","embeddable":true,"href":"https:\/\/kapital-noviny.sk\/eshop\/wp-json\/wp\/v2\/product_brand?post=289"},{"taxonomy":"product_cat","embeddable":true,"href":"https:\/\/kapital-noviny.sk\/eshop\/wp-json\/wp\/v2\/product_cat?post=289"},{"taxonomy":"product_tag","embeddable":true,"href":"https:\/\/kapital-noviny.sk\/eshop\/wp-json\/wp\/v2\/product_tag?post=289"}],"curies":[{"name":"wp","href":"https:\/\/api.w.org\/{rel}","templated":true}]}}