{"id":287,"date":"2018-12-28T08:53:40","date_gmt":"2018-12-28T07:53:40","guid":{"rendered":"https:\/\/kapital-noviny.sk\/eshop\/?post_type=product&#038;p=287"},"modified":"2024-12-28T17:29:49","modified_gmt":"2024-12-28T16:29:49","slug":"ine-tela-txt","status":"publish","type":"product","link":"https:\/\/kapital-noviny.sk\/eshop\/produkt\/ine-tela-txt\/","title":{"rendered":"In\u00e9 tel\u00e1.txt"},"content":{"rendered":"<p>In\u00e9 tel\u00e1 s\u00fa prvou zbierkou novej ed\u00edcie, ktor\u00fa zostavuje anga\u017eovan\u00fd mesa\u010dn\u00edk Kapit\u00e1l, umeleck\u00fd kolekt\u00edv APART, a v\u00fdskumn\u00e9 a umeleck\u00e9ho zdru\u017eenie Display. Ed\u00edcia .txt prin\u00e1\u0161a eseje reaguj\u00face na aktu\u00e1lne umeleck\u00e9 a spolo\u010densk\u00e9 trendy, ktor\u00e9 zatia\u013e napriek svojej urgencii nemaj\u00fa v slovenskom prostred\u00ed v\u00fdrazn\u00e9 spracovanie. In\u00e9 tel\u00e1 prin\u00e1\u0161aj\u00fa eseje autoriek, ktor\u00e9 na vlastnej ko\u017ei pre\u017e\u00edvaj\u00fa spolo\u010densk\u00fa stigmatiz\u00e1ciu a diskrimin\u00e1ciu \u013eud\u00ed s fyzickou \u010di ment\u00e1lnou inakos\u0165ou. \u010cakaj\u00fa v\u00e1s texty Johanny Hedvy, Daniely Komanickej, Carolyn Lazard a Alyson Patsavas.<\/p>\n<p>Ed\u00edcia .txt prin\u00e1\u0161a s\u00fabor prekladov v\u00fdznamn\u00fdch svetov\u00fdch mysliteliek a myslite\u013eov, ako aj p\u00f4vodn\u00fdch slovensk\u00fdch \u010di \u010desk\u00fdch textov, ktor\u00e9 promptne reaguj\u00fa na najnov\u0161ie filozofick\u00e9, kult\u00farne, umeleck\u00e9 a spolo\u010densk\u00e9 fenom\u00e9ny. Tieto eseje sa pohybuj\u00fa na pomedz\u00ed akademick\u00e9ho a umeleck\u00e9ho v\u00fdskumu a anga\u017eovanej praxe akt\u00edvne sa zap\u00e1jaj\u00fa do spolo\u010denskej debaty, exponuj\u00fa probl\u00e9my, ktor\u00e9 ich tr\u00e1pia; ich hlas nie je tich\u00fd a rezignovan\u00fd, je v\u00fdrazn\u00fd a naliehav\u00fd. Pr\u00e1ve pre tieto hlasy chce by\u0165 ed\u00edcia .txt otvorenou platformou.<\/p>\n<p>Kolekt\u00edv autoriek Daniela Komanick\u00e1, Johanna Hedva, Carolyn Lazad, Alyson Patsavas<\/p>\n","protected":false},"excerpt":{"rendered":"<p>In\u00e9 tel\u00e1 s\u00fa prvou zbierkou novej ed\u00edcie, ktor\u00fa zostavuje anga\u017eovan\u00fd mesa\u010dn\u00edk Kapit\u00e1l&#8230;<\/p>\n","protected":false},"featured_media":305,"comment_status":"closed","ping_status":"closed","template":"","meta":{"_acf_changed":false,"_secondary_title":""},"product_brand":[],"product_cat":[20,21,22,23,33],"product_tag":[],"class_list":{"0":"post-287","1":"product","2":"type-product","3":"status-publish","4":"has-post-thumbnail","6":"product_cat-txt","7":"product_cat-apart","8":"product_cat-display","9":"product_cat-kniha","10":"product_cat-kptl","12":"first","13":"outofstock","14":"purchasable","15":"product-type-simple"},"acf":[],"_links":{"self":[{"href":"https:\/\/kapital-noviny.sk\/eshop\/wp-json\/wp\/v2\/product\/287","targetHints":{"allow":["GET"]}}],"collection":[{"href":"https:\/\/kapital-noviny.sk\/eshop\/wp-json\/wp\/v2\/product"}],"about":[{"href":"https:\/\/kapital-noviny.sk\/eshop\/wp-json\/wp\/v2\/types\/product"}],"replies":[{"embeddable":true,"href":"https:\/\/kapital-noviny.sk\/eshop\/wp-json\/wp\/v2\/comments?post=287"}],"wp:featuredmedia":[{"embeddable":true,"href":"https:\/\/kapital-noviny.sk\/eshop\/wp-json\/wp\/v2\/media\/305"}],"wp:attachment":[{"href":"https:\/\/kapital-noviny.sk\/eshop\/wp-json\/wp\/v2\/media?parent=287"}],"wp:term":[{"taxonomy":"product_brand","embeddable":true,"href":"https:\/\/kapital-noviny.sk\/eshop\/wp-json\/wp\/v2\/product_brand?post=287"},{"taxonomy":"product_cat","embeddable":true,"href":"https:\/\/kapital-noviny.sk\/eshop\/wp-json\/wp\/v2\/product_cat?post=287"},{"taxonomy":"product_tag","embeddable":true,"href":"https:\/\/kapital-noviny.sk\/eshop\/wp-json\/wp\/v2\/product_tag?post=287"}],"curies":[{"name":"wp","href":"https:\/\/api.w.org\/{rel}","templated":true}]}}