{"id":28,"date":"2019-12-13T22:07:18","date_gmt":"2019-12-13T21:07:18","guid":{"rendered":"https:\/\/kapital-noviny.sk\/eshop\/?post_type=product&#038;p=28"},"modified":"2026-03-25T08:49:52","modified_gmt":"2026-03-25T07:49:52","slug":"christopher-hitchens-misionarska-poloha","status":"publish","type":"product","link":"https:\/\/kapital-noviny.sk\/eshop\/produkt\/christopher-hitchens-misionarska-poloha\/","title":{"rendered":"Mision\u00e1rska poloha"},"content":{"rendered":"<p>Matka Tereza zasv\u00e4tila cel\u00fd svoj \u017eivot pomoci chudobn\u00fdm a slab\u00fdm. Nezauj\u00edmala sa o svetsk\u00e9 z\u00e1le\u017eitosti a financie. Nesch\u00e1dzala sa s dikt\u00e1tormi, skorumpovan\u00fdmi oligarchami a usved\u010den\u00fdmi podvodn\u00edkmi. A vo svojich skutkoch i slov\u00e1ch bola v\u017edy d\u00f4sledne apolitick\u00e1. Existuje v\u0161ak aj in\u00fd, menej zn\u00e1my pr\u00edbeh Matky Terezy. Christopher Hitchens, jeden z najvplyvnej\u0161\u00edch intelektu\u00e1lov 20. storo\u010dia, vo svojej britkej polemike ukazuje, \u017ee nie je v\u0161etko tak\u00e9, ako sa na prv\u00fd poh\u013ead zd\u00e1. Christopher Hitchens (1949 2011) Anglo-americk\u00fd novin\u00e1r, kritik, esejista a spisovate\u013e. Publikoval v periodik\u00e1ch ako New Statesman, The Nation, The Atlantic \u010di Vanity Fair. V\u010faka svojmu d\u00f4myseln\u00e9mu, konfronta\u010dn\u00e9mu a ostr\u00e9mu re\u010dn\u00edckemu \u0161t\u00fdlu sa stal ob\u013e\u00faben\u00fdm \u00fa\u010dastn\u00edkom verejn\u00fdch deb\u00e1t. Je autorom viac ne\u017e tridsiatich kn\u00edh, v ktor\u00fdch sa venuje najm\u00e4 kritike totalitarizmu, imperializmu a in\u0161titucionalizovan\u00e9ho n\u00e1bo\u017eenstva. Medzi jeho najpopul\u00e1rnej\u0161ie knihy patria Listy mlad\u00e9mu skeptikovi (2001), Pre\u010do je Orwell d\u00f4le\u017eit\u00fd (2002), Boh nie je ve\u013ek\u00fd (2007) a memo\u00e1re Hitch-22 (2010) a Smrte\u013enos\u0165 (2012).<\/p>\n<p>&nbsp;<\/p>\n","protected":false},"excerpt":{"rendered":"<p>Matka Tereza zasv\u00e4tila cel\u00fd svoj \u017eivot pomoci chudobn\u00fdm a slab\u00fdm&#8230;<\/p>\n","protected":false},"featured_media":74,"comment_status":"closed","ping_status":"closed","template":"","meta":{"_acf_changed":false,"_secondary_title":""},"product_brand":[],"product_cat":[23,33],"product_tag":[],"class_list":{"0":"post-28","1":"product","2":"type-product","3":"status-publish","4":"has-post-thumbnail","6":"product_cat-kniha","7":"product_cat-kptl","9":"first","10":"instock","11":"sale","12":"purchasable","13":"product-type-simple"},"acf":[],"_links":{"self":[{"href":"https:\/\/kapital-noviny.sk\/eshop\/wp-json\/wp\/v2\/product\/28","targetHints":{"allow":["GET"]}}],"collection":[{"href":"https:\/\/kapital-noviny.sk\/eshop\/wp-json\/wp\/v2\/product"}],"about":[{"href":"https:\/\/kapital-noviny.sk\/eshop\/wp-json\/wp\/v2\/types\/product"}],"replies":[{"embeddable":true,"href":"https:\/\/kapital-noviny.sk\/eshop\/wp-json\/wp\/v2\/comments?post=28"}],"wp:featuredmedia":[{"embeddable":true,"href":"https:\/\/kapital-noviny.sk\/eshop\/wp-json\/wp\/v2\/media\/74"}],"wp:attachment":[{"href":"https:\/\/kapital-noviny.sk\/eshop\/wp-json\/wp\/v2\/media?parent=28"}],"wp:term":[{"taxonomy":"product_brand","embeddable":true,"href":"https:\/\/kapital-noviny.sk\/eshop\/wp-json\/wp\/v2\/product_brand?post=28"},{"taxonomy":"product_cat","embeddable":true,"href":"https:\/\/kapital-noviny.sk\/eshop\/wp-json\/wp\/v2\/product_cat?post=28"},{"taxonomy":"product_tag","embeddable":true,"href":"https:\/\/kapital-noviny.sk\/eshop\/wp-json\/wp\/v2\/product_tag?post=28"}],"curies":[{"name":"wp","href":"https:\/\/api.w.org\/{rel}","templated":true}]}}