{"id":234,"date":"2024-12-13T22:10:57","date_gmt":"2024-12-13T21:10:57","guid":{"rendered":"https:\/\/kapital-noviny.sk\/eshop\/?post_type=product&#038;p=234"},"modified":"2026-03-26T10:08:23","modified_gmt":"2026-03-26T09:08:23","slug":"iba-vdaka-vasej-pomoci-mozeme-prinasat-nezavisly-a-lavicovy-obsah-vsetkym-zdarma","status":"publish","type":"product","link":"https:\/\/kapital-noviny.sk\/eshop\/produkt\/iba-vdaka-vasej-pomoci-mozeme-prinasat-nezavisly-a-lavicovy-obsah-vsetkym-zdarma\/","title":{"rendered":"Postav sa za svoje \u013eavicov\u00e9 hodnoty."},"content":{"rendered":"","protected":false},"excerpt":{"rendered":"<p>Aj my\u00a0sme s\u00fa\u010das\u0165ou tej d\u00e9monizovanej \u013eavice, ktor\u00e1 bojovala za\u00a0v\u0161eobecn\u00e9 volebn\u00e9 pr\u00e1vo&#8230;<\/p>\n","protected":false},"featured_media":719,"comment_status":"closed","ping_status":"closed","template":"","meta":{"_acf_changed":false,"_secondary_title":""},"product_brand":[],"product_cat":[17],"product_tag":[],"class_list":{"0":"post-234","1":"product","2":"type-product","3":"status-publish","4":"has-post-thumbnail","6":"product_cat-predplatne","8":"first","9":"instock","10":"product-type-external"},"acf":[],"_links":{"self":[{"href":"https:\/\/kapital-noviny.sk\/eshop\/wp-json\/wp\/v2\/product\/234","targetHints":{"allow":["GET"]}}],"collection":[{"href":"https:\/\/kapital-noviny.sk\/eshop\/wp-json\/wp\/v2\/product"}],"about":[{"href":"https:\/\/kapital-noviny.sk\/eshop\/wp-json\/wp\/v2\/types\/product"}],"replies":[{"embeddable":true,"href":"https:\/\/kapital-noviny.sk\/eshop\/wp-json\/wp\/v2\/comments?post=234"}],"wp:featuredmedia":[{"embeddable":true,"href":"https:\/\/kapital-noviny.sk\/eshop\/wp-json\/wp\/v2\/media\/719"}],"wp:attachment":[{"href":"https:\/\/kapital-noviny.sk\/eshop\/wp-json\/wp\/v2\/media?parent=234"}],"wp:term":[{"taxonomy":"product_brand","embeddable":true,"href":"https:\/\/kapital-noviny.sk\/eshop\/wp-json\/wp\/v2\/product_brand?post=234"},{"taxonomy":"product_cat","embeddable":true,"href":"https:\/\/kapital-noviny.sk\/eshop\/wp-json\/wp\/v2\/product_cat?post=234"},{"taxonomy":"product_tag","embeddable":true,"href":"https:\/\/kapital-noviny.sk\/eshop\/wp-json\/wp\/v2\/product_tag?post=234"}],"curies":[{"name":"wp","href":"https:\/\/api.w.org\/{rel}","templated":true}]}}