{"id":202,"date":"2024-09-12T22:10:15","date_gmt":"2024-09-12T20:10:15","guid":{"rendered":"https:\/\/kapital-noviny.sk\/eshop\/?post_type=product&#038;p=202"},"modified":"2026-04-24T12:03:59","modified_gmt":"2026-04-24T10:03:59","slug":"kristen-r-ghodsee-cervene-valkyry","status":"publish","type":"product","link":"https:\/\/kapital-noviny.sk\/eshop\/produkt\/kristen-r-ghodsee-cervene-valkyry\/","title":{"rendered":"\u010cerven\u00e9 valk\u00fdry"},"content":{"rendered":"<h3><b>O knihe<\/b>:<\/h3>\n<p>Pre\u010do boli najradik\u00e1lnej\u0161ie feministky z\u00e1rove\u0148 komunistkami?<\/p>\n<p>Prostredn\u00edctvom s\u00e9rie svie\u017eich a pr\u00edstupn\u00fdch biografick\u00fdch esej\u00ed rozoberaj\u00fa \u010cerven\u00e9 valk\u00fdry dejiny socialistick\u00e9ho feminizmu vo v\u00fdchodnej Eur\u00f3pe. Sk\u00faman\u00edm revolu\u010dn\u00fdch kari\u00e9r piatich v\u00fdznamn\u00fdch socialistick\u00fdch \u017eien p\u00f4sobiacich v 19. a 20. storo\u010d\u00ed - aristokratickej bo\u013e\u0161evi\u010dky Alexandry Kollontajovej; radik\u00e1lnej pedagogi\u010dky Nade\u017edy Krupskej; polyamornej buri\u010dky Inessy Armandovej; smrtiacej ostre\u013eova\u010dky \u013dudmily Pavli\u010denkovej a partiz\u00e1nky, ktor\u00e1 sa stala vedky\u0148ou a napokon svetozn\u00e1mou aktivistkou za pr\u00e1va \u017eien, Jeleny Lagadinovej \u2013 hovor\u00ed Kristen Ghodsee o osobn\u00fdch v\u00fdzvach, ktor\u00fdm \u010delili predch\u00e1dzaj\u00face gener\u00e1cie socialistiek a komunistiek. \u017diadna z t\u00fdchto \u017eien nebola \u201edokonalou\u201c \u013eavi\u010diarkou. Ich \u017eivoty boli pln\u00e9 vn\u00fatorn\u00fdch konfliktov, protire\u010den\u00ed a niekedy a\u017e nehor\u00e1znych privil\u00e9gi\u00ed, no napriek tomu dok\u00e1zali v\u010faka vytrvalosti a oddanosti pre svoju vec posun\u00fa\u0165 vpred vlastn\u00e9 politick\u00e9 projekty. T\u00fdchto p\u00e4\u0165 \u017eien, ktor\u00e9 v\u017edy kr\u00e1\u010dali po tenkej hranici medzi potrebou triednej solidarity a t\u00fa\u017ebou prin\u00fati\u0165 svojich niekedy necitliv\u00fdch mu\u017esk\u00fdch kolegov, aby brali v\u00e1\u017ene probl\u00e9my \u017eien, h\u013eadalo nov\u00e9 rie\u0161enia, z ktor\u00fdch sa pou\u010dia aj dne\u0161n\u00e9 aktivistky. V kr\u00e1tkych v\u00fdsti\u017en\u00fdch kapitol\u00e1ch - s mno\u017estvom konkr\u00e9tnych pr\u00edkladov z dej\u00edn \u0161t\u00e1tnosocialistick\u00fdch kraj\u00edn vo v\u00fdchodnej Eur\u00f3pe a aktu\u00e1lnych \u00favah o postaven\u00ed \u017eien v dne\u0161nom svete - pribli\u017euje Ghodsee ve\u013ek\u00e9 my\u0161lienky socialistick\u00e9ho feminizmu t\u00fdm, ktor\u00ed sa aj dnes in\u0161piruj\u00fa emancipa\u010dnou politikou povstaleck\u00fdch \u013eavicov\u00fdch feministick\u00fdch hnut\u00ed na celom svete.<\/p>\n<h3><b>O autorke<\/b>:<\/h3>\n<p>Kristen R. Ghodsee je ocenenou autorkou dvan\u00e1stich kn\u00edh a profesorkou a ved\u00facou katedry rusk\u00fdch a v\u00fdchodoeur\u00f3pskych \u0161t\u00fadi\u00ed na Pensylv\u00e1nskej univerzite. Jej \u010dl\u00e1nky a eseje boli prelo\u017een\u00e9 do viac ako dvadsiatich piatich jazykov a vy\u0161li v publik\u00e1ci\u00e1ch ako The Washington Post, The New York Times, Dissent, Foreign Affairs, Jacobin, The Baffler, The New Republic, Quartz, NBC Think, The Lancet, Project Syndicate, Le Monde Diplomatique a Die Tageszeitung.\u00a0Jej kritikmi oce\u0148ovan\u00e1 kniha z roku 2018 Pre\u010do maj\u00fa \u017eeny lep\u0161\u00ed sex za socializmu (a \u010fal\u0161ie argumenty za ekonomick\u00fa nez\u00e1vislos\u0165), vy\u0161la v 15 jazykoch.<\/p>\n","protected":false},"excerpt":{"rendered":"<p>O knihe:<\/p>\n<p>Pre\u010do boli najradik\u00e1lnej\u0161ie feministky z\u00e1rove\u0148 komunistkami&#8230;<\/p>\n","protected":false},"featured_media":282,"comment_status":"closed","ping_status":"closed","template":"","meta":{"_acf_changed":false,"_secondary_title":""},"product_brand":[],"product_cat":[23,33],"product_tag":[],"class_list":{"0":"post-202","1":"product","2":"type-product","3":"status-publish","4":"has-post-thumbnail","6":"product_cat-kniha","7":"product_cat-kptl","9":"first","10":"instock","11":"sale","12":"purchasable","13":"product-type-simple"},"acf":[],"_links":{"self":[{"href":"https:\/\/kapital-noviny.sk\/eshop\/wp-json\/wp\/v2\/product\/202","targetHints":{"allow":["GET"]}}],"collection":[{"href":"https:\/\/kapital-noviny.sk\/eshop\/wp-json\/wp\/v2\/product"}],"about":[{"href":"https:\/\/kapital-noviny.sk\/eshop\/wp-json\/wp\/v2\/types\/product"}],"replies":[{"embeddable":true,"href":"https:\/\/kapital-noviny.sk\/eshop\/wp-json\/wp\/v2\/comments?post=202"}],"wp:featuredmedia":[{"embeddable":true,"href":"https:\/\/kapital-noviny.sk\/eshop\/wp-json\/wp\/v2\/media\/282"}],"wp:attachment":[{"href":"https:\/\/kapital-noviny.sk\/eshop\/wp-json\/wp\/v2\/media?parent=202"}],"wp:term":[{"taxonomy":"product_brand","embeddable":true,"href":"https:\/\/kapital-noviny.sk\/eshop\/wp-json\/wp\/v2\/product_brand?post=202"},{"taxonomy":"product_cat","embeddable":true,"href":"https:\/\/kapital-noviny.sk\/eshop\/wp-json\/wp\/v2\/product_cat?post=202"},{"taxonomy":"product_tag","embeddable":true,"href":"https:\/\/kapital-noviny.sk\/eshop\/wp-json\/wp\/v2\/product_tag?post=202"}],"curies":[{"name":"wp","href":"https:\/\/api.w.org\/{rel}","templated":true}]}}