{"id":201,"date":"2024-08-13T22:10:15","date_gmt":"2024-08-13T20:10:15","guid":{"rendered":"https:\/\/kapital-noviny.sk\/eshop\/?post_type=product&#038;p=201"},"modified":"2026-04-24T12:03:58","modified_gmt":"2026-04-24T10:03:58","slug":"boris-groys-filozofia-starostlivosti","status":"publish","type":"product","link":"https:\/\/kapital-noviny.sk\/eshop\/produkt\/boris-groys-filozofia-starostlivosti\/","title":{"rendered":"Filozofia starostlivosti"},"content":{"rendered":"<div class=\"bt_bb_wrapper\">\n<h3><b>O knihe:<\/b><\/h3>\n<p>Celosvetov\u00e1 pand\u00e9mia upozornila na d\u00f4le\u017eitos\u0165 starostlivosti \u2013 o seba, o na\u0161e psychick\u00e9 a fyzick\u00e9 zdravie, ale aj o in\u00fdch, star\u0161\u00edch, chor\u00fdch, o obete syst\u00e9mu \u010di klimatick\u00fdch katastrof. Boris Groys vo svojej knihe Filozofia starostlivosti (Philosophy of Care, Verso, 2022) tvrd\u00ed, \u017ee starostlivos\u0165 je typom pr\u00e1ce, ktor\u00e1 definuje na\u0161u epochu a odkr\u00fdva jej dlh\u00fa filozofick\u00fa trad\u00edciu \u2013 od Plat\u00f3na, cez Hegla, Nietzscheho, Bataillea, Heideggera a\u017e po Arendtov\u00fa \u010di Bogdanova. Kto je subjektom starostlivosti? M\u00e1me sa stara\u0165 o seba sami alebo d\u00f4verova\u0165 in\u0161tit\u00faci\u00e1m? Koncept starostlivosti sa v Groysovom texte st\u00e1va revolu\u010dn\u00fdm princ\u00edpom, ktor\u00fd konfrontuje jednotlivca s dominuj\u00facimi mechanizmami kontroly. Cez n\u00e1vrat k minul\u00fdm koncepci\u00e1m pon\u00faka n\u00e1vod na pochopenie na\u0161ej s\u00fa\u010dasnosti a chaosu, v ktorom sme sa ocitli.<\/p>\n<h3><b>O autorovi<\/b>:<\/h3>\n<p>Boris Groys (1947) je v s\u00fa\u010dasnosti jedn\u00fdm z najvplyvnej\u0161\u00edch filozofov a teoretikov umenia. Do sloven\u010diny doteraz nebola prelo\u017een\u00e1 \u017eiadna z jeho kn\u00edh, \u010desk\u00e9ho prekladu sa do\u010dkal jedin\u00fd kni\u017en\u00fd titul v roku 2011.<\/p>\n<\/div>\n","protected":false},"excerpt":{"rendered":"<p>O knihe:<\/p>\n<p>Celosvetov\u00e1 pand\u00e9mia upozornila na d\u00f4le\u017eitos\u0165 starostlivosti \u2013 o seba&#8230;<\/p>\n","protected":false},"featured_media":243,"comment_status":"closed","ping_status":"closed","template":"","meta":{"_acf_changed":false,"_secondary_title":""},"product_brand":[],"product_cat":[23,33],"product_tag":[],"class_list":{"0":"post-201","1":"product","2":"type-product","3":"status-publish","4":"has-post-thumbnail","6":"product_cat-kniha","7":"product_cat-kptl","9":"first","10":"instock","11":"purchasable","12":"product-type-simple"},"acf":[],"_links":{"self":[{"href":"https:\/\/kapital-noviny.sk\/eshop\/wp-json\/wp\/v2\/product\/201","targetHints":{"allow":["GET"]}}],"collection":[{"href":"https:\/\/kapital-noviny.sk\/eshop\/wp-json\/wp\/v2\/product"}],"about":[{"href":"https:\/\/kapital-noviny.sk\/eshop\/wp-json\/wp\/v2\/types\/product"}],"replies":[{"embeddable":true,"href":"https:\/\/kapital-noviny.sk\/eshop\/wp-json\/wp\/v2\/comments?post=201"}],"wp:featuredmedia":[{"embeddable":true,"href":"https:\/\/kapital-noviny.sk\/eshop\/wp-json\/wp\/v2\/media\/243"}],"wp:attachment":[{"href":"https:\/\/kapital-noviny.sk\/eshop\/wp-json\/wp\/v2\/media?parent=201"}],"wp:term":[{"taxonomy":"product_brand","embeddable":true,"href":"https:\/\/kapital-noviny.sk\/eshop\/wp-json\/wp\/v2\/product_brand?post=201"},{"taxonomy":"product_cat","embeddable":true,"href":"https:\/\/kapital-noviny.sk\/eshop\/wp-json\/wp\/v2\/product_cat?post=201"},{"taxonomy":"product_tag","embeddable":true,"href":"https:\/\/kapital-noviny.sk\/eshop\/wp-json\/wp\/v2\/product_tag?post=201"}],"curies":[{"name":"wp","href":"https:\/\/api.w.org\/{rel}","templated":true}]}}