{"id":200,"date":"2024-05-13T22:10:15","date_gmt":"2024-05-13T20:10:15","guid":{"rendered":"https:\/\/kapital-noviny.sk\/eshop\/?post_type=product&#038;p=200"},"modified":"2026-04-24T11:03:08","modified_gmt":"2026-04-24T09:03:08","slug":"joanna-ostrowska-oni-osudy-kvir-ludi-pocas-druhej-svetovej-vojny","status":"publish","type":"product","link":"https:\/\/kapital-noviny.sk\/eshop\/produkt\/joanna-ostrowska-oni-osudy-kvir-ludi-pocas-druhej-svetovej-vojny\/","title":{"rendered":"Oni. Osudy kv\u00edr \u013eud\u00ed po\u010das druhej svetovej vojny"},"content":{"rendered":"<div class=\"bt_bb_wrapper\">\n<h3>O knihe<\/h3>\n<p><em>Oni. <\/em><em>Osudy kv\u00edr \u013eud\u00ed po\u010das druhej svetovej vojny<\/em> od Joanny Ostrowskej je ojedinel\u00fdm dielom na pomedz\u00ed\u00a0 historickej report\u00e1\u017ee a\u00a0odbornej monografie. V roku 2022 z\u00edskala ocenenie \u010ditateliek a\u00a0\u010ditate\u013eov v\u00a0r\u00e1mci prest\u00ed\u017enej po\u013eskej kni\u017enej ceny Nike.<\/p>\n<p>Autorka v\u00a0knihe <em>Oni <\/em>na z\u00e1klade v\u00fdsledkov dlhoro\u010dn\u00e9ho v\u00fdskumu vyp\u013a\u0148a \u010fal\u0161ie biele miesto v historickej pam\u00e4ti a d\u00e1va slovo zabudnut\u00fdm obetiam nemeck\u00e9ho nacizmu \u2013 ale nielen im. Ako toti\u017e ukazuje na str\u00e1nkach svojej knihy, kv\u00edr \u013eudia ods\u00faden\u00ed pod\u013ea paragrafu 175, ak v\u00f4bec nacistick\u00fd teror pre\u017eili, museli peklo, ktor\u00fdm si pre\u0161li, taji\u0165 e\u0161te dlh\u00e9 desa\u0165ro\u010dia po vojne. Prostredn\u00edctvom pr\u00edbehov jednotliv\u00fdch protagonistov n\u00e1m Ostrowska pripom\u00edna, ak\u00e9 s\u00fa d\u00f4sledky toho, ke\u010f sa v\u00e4\u010d\u0161ina \u201echr\u00e1ni\u201c pred men\u0161inou.<\/p>\n<p>\u201eOni\u201c boli in\u00ed. Pova\u017eovali ich za sexu\u00e1lnych pred\u00e1torov, dokonca pedofilov a\u00a0navy\u0161e ich bolo pomerne m\u00e1lo. Ich pr\u00edbehmi sa nikto nezaoberal, nikto si ich nepripom\u00ednal a nikto ich nepova\u017eoval za obete nacistick\u00e9ho syst\u00e9mu. O\u00a0t\u00fdch, ktor\u00ed pre\u017eili, sa ml\u010dalo. \u201eOni\u201d neexistuj\u00fa vinou n\u00e1s, boli vymazan\u00ed predvojnov\u00fdmi fantazmag\u00f3riami \u017eiven\u00fdmi nacistickou propagandou a zvr\u00e1ten\u00fdmi vojnov\u00fdmi a\u00a0t\u00e1borov\u00fdmi klebetami. Prirovn\u00e1vali ich k bezmenn\u00fdm zvodcom, krimin\u00e1lnikom a\u00a0asoci\u00e1lnym \u017eivlom. Proti t\u00fdmto predstav\u00e1m je nutn\u00e9 sa vzb\u00fari\u0165. O \u201enich\u201c u\u017e nie je mo\u017en\u00e9 \u010falej ml\u010da\u0165.<\/p>\n<h3>O autorke<\/h3>\n<p>Joanna Ostrowska, je po\u013esk\u00e1 histori\u010dka, teatrologi\u010dka, filmov\u00e1 kriti\u010dka, dramaturgi\u010dka a\u00a0vysoko\u0161kolsk\u00e1 pedagogi\u010dka. Zaober\u00e1 sa problematikou sexu\u00e1lneho n\u00e1silia po\u010das druhej svetovej vojny a\u00a0zabudnut\u00fdmi obe\u0165ami nacizmu. Jej predch\u00e1dzaj\u00faca kniha <em>Preml\u010dan\u00e9. N\u00faten\u00e1 sexu\u00e1lna pr\u00e1ca po\u010das druhej svetovej vojny <\/em>(2018) z\u00edskala prest\u00ed\u017ene ocenenie Mauthausen-Memorial-Forschungspreis.<\/p>\n<\/div>\n","protected":false},"excerpt":{"rendered":"<p>O knihe<\/p>\n<p><em>Oni. <\/em><em>Osudy kv\u00edr \u013eud\u00ed po\u010das druhej svetovej vojny<\/em>&#8230;<\/p>\n","protected":false},"featured_media":240,"comment_status":"closed","ping_status":"closed","template":"","meta":{"_acf_changed":false,"_secondary_title":""},"product_brand":[],"product_cat":[23,33],"product_tag":[],"class_list":{"0":"post-200","1":"product","2":"type-product","3":"status-publish","4":"has-post-thumbnail","6":"product_cat-kniha","7":"product_cat-kptl","9":"first","10":"instock","11":"sale","12":"purchasable","13":"product-type-simple"},"acf":[],"_links":{"self":[{"href":"https:\/\/kapital-noviny.sk\/eshop\/wp-json\/wp\/v2\/product\/200","targetHints":{"allow":["GET"]}}],"collection":[{"href":"https:\/\/kapital-noviny.sk\/eshop\/wp-json\/wp\/v2\/product"}],"about":[{"href":"https:\/\/kapital-noviny.sk\/eshop\/wp-json\/wp\/v2\/types\/product"}],"replies":[{"embeddable":true,"href":"https:\/\/kapital-noviny.sk\/eshop\/wp-json\/wp\/v2\/comments?post=200"}],"wp:featuredmedia":[{"embeddable":true,"href":"https:\/\/kapital-noviny.sk\/eshop\/wp-json\/wp\/v2\/media\/240"}],"wp:attachment":[{"href":"https:\/\/kapital-noviny.sk\/eshop\/wp-json\/wp\/v2\/media?parent=200"}],"wp:term":[{"taxonomy":"product_brand","embeddable":true,"href":"https:\/\/kapital-noviny.sk\/eshop\/wp-json\/wp\/v2\/product_brand?post=200"},{"taxonomy":"product_cat","embeddable":true,"href":"https:\/\/kapital-noviny.sk\/eshop\/wp-json\/wp\/v2\/product_cat?post=200"},{"taxonomy":"product_tag","embeddable":true,"href":"https:\/\/kapital-noviny.sk\/eshop\/wp-json\/wp\/v2\/product_tag?post=200"}],"curies":[{"name":"wp","href":"https:\/\/api.w.org\/{rel}","templated":true}]}}