{"id":169,"date":"2024-01-13T22:09:31","date_gmt":"2024-01-13T21:09:31","guid":{"rendered":"https:\/\/kapital-noviny.sk\/eshop\/?post_type=product&#038;p=169"},"modified":"2026-04-24T12:03:58","modified_gmt":"2026-04-24T10:03:58","slug":"mark-fisher-postkapitalisticka-tuzba","status":"publish","type":"product","link":"https:\/\/kapital-noviny.sk\/eshop\/produkt\/mark-fisher-postkapitalisticka-tuzba\/","title":{"rendered":"Postkapitalistick\u00e1 t\u00fa\u017eba"},"content":{"rendered":"<div class=\"bt_bb_wrapper\">\n<h3>O knihe<\/h3>\n<p>S\u00fa na\u0161e t\u00fa\u017eby skuto\u010dne na\u0161e? Je legit\u00edmne kritizova\u0165 kapitalizmus prostredn\u00edctvom iPhonov? Pre\u010do Beatles nahrali svoje najlep\u0161ie skladby pr\u00e1ve vtedy, ke\u010f u\u017e v\u00f4bec nemuseli pracova\u0165? Po \u010dom prahli \u013eudia zo Sovietskeho zv\u00e4zu pod\u013ea z\u00e1padn\u00fdch rekl\u00e1m z \u010dias studenej vojny? A dok\u00e1\u017eeme si v\u00f4bec \u017eela\u0165 nie\u010do mimo kapitalizmu? Zbierka predn\u00e1\u0161ok z kurzu Postkapitalistick\u00e1 t\u00fa\u017eba umo\u017e\u0148uje \u010ditate\u013ek\u00e1m a \u010ditate\u013eom za\u017ei\u0165 Marka Fishera v \u017eivom procese jeho uva\u017eovania a v bezprostrednom dial\u00f3gu so svoj\u00edm \u0161tudentstvom. Poznanie toho, ako sa kapitalistick\u00e1 ideol\u00f3gia vkr\u00e1da do na\u0161ich prian\u00ed a ident\u00edt, n\u00e1m umo\u017e\u0148uje uvedomi\u0165 si potenci\u00e1l alternat\u00edvnej bud\u00facnosti, rozvin\u00fa\u0165 kolekt\u00edvnu t\u00fa\u017ebu presahuj\u00facu \u00fazke hranice trhovej spotreby a predstavi\u0165 si horizont spolo\u010dnosti za kapitalizmom, v ktorej rozvoj \u013eudsk\u00fdch schopnost\u00ed nie je odk\u00e1zan\u00fd na motiv\u00e1ciu ziskom a mzdou.<\/p>\n<h3>O autorovi<\/h3>\n<p>Mark Fisher (1968 \u2013 2017) bol anglick\u00fdm spisovate\u013eom, kult\u00farnym teoretikom a pedag\u00f3gom. Spoluzakladal the Cybernetic Culture Research Unit (V\u00fdskumn\u00e1 jednotka kybernetickej kult\u00fary) a vydavate\u013estv\u00e1 Zero Books a Repeater Books. Predn\u00e1\u0161al v Centre kultur\u00e1lnych \u0161t\u00fadi\u00ed a na Katedre vizu\u00e1lnych kult\u00far fakulty Goldsmiths, University of London. Blog o radik\u00e1lnej politike, hudbe a popul\u00e1rnej kult\u00fare, ktor\u00fdm sa presl\u00e1vil, je dostupn\u00fd na <a href=\"http:\/\/k-punk.abstractdynamics.org\/\" rel=\"noopener\" target=\"_blank\">http:\/\/k-punk.abstractdynamics.org<\/a>. V roku 2017 sp\u00e1chal samovra\u017edu.<\/p>\n<\/div>\n","protected":false},"excerpt":{"rendered":"<p>O knihe<\/p>\n<p>S\u00fa na\u0161e t\u00fa\u017eby skuto\u010dne na\u0161e? Je legit\u00edmne kritizova\u0165 kapitalizmus prostredn\u00edctvom iPhonov&#8230;<\/p>\n","protected":false},"featured_media":226,"comment_status":"closed","ping_status":"closed","template":"","meta":{"_acf_changed":false,"_secondary_title":""},"product_brand":[],"product_cat":[23,33],"product_tag":[],"class_list":{"0":"post-169","1":"product","2":"type-product","3":"status-publish","4":"has-post-thumbnail","6":"product_cat-kniha","7":"product_cat-kptl","9":"first","10":"instock","11":"sale","12":"purchasable","13":"product-type-simple"},"acf":[],"_links":{"self":[{"href":"https:\/\/kapital-noviny.sk\/eshop\/wp-json\/wp\/v2\/product\/169","targetHints":{"allow":["GET"]}}],"collection":[{"href":"https:\/\/kapital-noviny.sk\/eshop\/wp-json\/wp\/v2\/product"}],"about":[{"href":"https:\/\/kapital-noviny.sk\/eshop\/wp-json\/wp\/v2\/types\/product"}],"replies":[{"embeddable":true,"href":"https:\/\/kapital-noviny.sk\/eshop\/wp-json\/wp\/v2\/comments?post=169"}],"wp:featuredmedia":[{"embeddable":true,"href":"https:\/\/kapital-noviny.sk\/eshop\/wp-json\/wp\/v2\/media\/226"}],"wp:attachment":[{"href":"https:\/\/kapital-noviny.sk\/eshop\/wp-json\/wp\/v2\/media?parent=169"}],"wp:term":[{"taxonomy":"product_brand","embeddable":true,"href":"https:\/\/kapital-noviny.sk\/eshop\/wp-json\/wp\/v2\/product_brand?post=169"},{"taxonomy":"product_cat","embeddable":true,"href":"https:\/\/kapital-noviny.sk\/eshop\/wp-json\/wp\/v2\/product_cat?post=169"},{"taxonomy":"product_tag","embeddable":true,"href":"https:\/\/kapital-noviny.sk\/eshop\/wp-json\/wp\/v2\/product_tag?post=169"}],"curies":[{"name":"wp","href":"https:\/\/api.w.org\/{rel}","templated":true}]}}