{"id":135,"date":"2024-05-13T22:08:47","date_gmt":"2024-05-13T20:08:47","guid":{"rendered":"https:\/\/kapital-noviny.sk\/eshop\/?post_type=product&#038;p=135"},"modified":"2026-04-01T02:25:01","modified_gmt":"2026-04-01T00:25:01","slug":"dav-ed-michal-habaj","status":"publish","type":"product","link":"https:\/\/kapital-noviny.sk\/eshop\/produkt\/dav-ed-michal-habaj\/","title":{"rendered":"DAV. Pr\u00f3za slovenskej \u013eavicovej avantgardy"},"content":{"rendered":"<p>Komentovan\u00e1 antol\u00f3gia DAV. Pr\u00f3za slovenskej \u013eavicovej avantgardy obsahuje prozaick\u00fa tvorbu \u010dlenov hnutia DAV z rokov 1922 a\u017e 1926 (J. Tom\u00e1\u0161ik-Dum\u00edn, A. Sir\u00e1cky, D. Ok\u00e1li, J. Poni\u010dan, L Novomesk\u00fd, E. Urx, J. Elen, J. Zindr, P. Jilemnick\u00fd). Moderniza\u010dn\u00e9 \u00fasilia poprevratovej liter\u00e1rnej gener\u00e1cie a jej z\u00e1pas o modern\u00fa podobu slovenskej pr\u00f3zy nach\u00e1dzali jeden z najv\u00fdraznej\u0161\u00edch prejavov pr\u00e1ve v tvorbe davistov; t\u00e1 predstavuje v mnoh\u00fdch pr\u00edpadoch v\u00fdrazovo, tvarovo a ideovo to najambici\u00f3znej\u0161ie, \u010do v slovenskom liter\u00e1rnom kontexte prvej polovice dvadsiatych rokov 20. storo\u010dia v\u00f4bec m\u00f4\u017eeme n\u00e1js\u0165: od genera\u010dn\u00e9ho n\u00e1stupu v rokoch 1922 \u2013 1923, cez vrchol v rokoch 1924 a 1925 a\u017e po doznievanie v roku 1926. V\u0161etky poviedky davistov boli p\u00f4vodne publikovan\u00e9 iba \u010dasopisecky, viacer\u00e9 z nich vych\u00e1dzaj\u00fa kni\u017ene prv\u00fd raz a\u017e v na\u0161ej antol\u00f3gii.<\/p>\n<p>K jednotliv\u00fdm pr\u00f3zam s\u00fa priraden\u00e9 odborn\u00e9 koment\u00e1re obsahuj\u00face kompletn\u00fa bibliografick\u00fa inform\u00e1ciu o prvom \u010dasopiseckom vydan\u00ed a pr\u00edpadn\u00fdch kni\u017en\u00fdch vydaniach, analytick\u00fa interpret\u00e1ciu textu s liter\u00e1rnohistorick\u00fdmi s\u00favislos\u0165ami, s\u00fa\u010das\u0165ou je i blok vysvetliviek. Publik\u00e1cia obsahuje tie\u017e edi\u010dn\u00fa pozn\u00e1mku vysvet\u013euj\u00facu realizovan\u00e9 editorsk\u00e9 postupy a princ\u00edpy textologick\u00fdch \u00faprav, biograficko-bibliografick\u00e9 portr\u00e9ty autorov, obrazov\u00fa pr\u00edlohu s fotodokument\u00e1ciou a z\u00e1vere\u010dn\u00fa syntetizuj\u00facu vedeck\u00fa \u0161t\u00fadiu. V nov\u00fdch kontextoch a s\u00favislostiach upozor\u0148uje na fenom\u00e9n \u013eavicovej avantgardy v slovenskej literat\u00fare, kult\u00fare a spolo\u010dnosti medzivojnov\u00e9ho obdobia.<\/p>\n<h2>O autorovi:<\/h2>\n<p>Michal Habaj (1974) je b\u00e1snik a liter\u00e1rny historik. Vy\u0161tudoval odbor Slovensk\u00fd jazyk a literat\u00fara na Filozofickej fakulte UK v Bratislave, pracuje v \u00dastave slovenskej literat\u00fary SAV. Zaober\u00e1 sa v\u00fdskumom modernizmu a avantg\u00e1rd v slovenskej literat\u00fare medzivojnov\u00e9ho obdobia. Je autorom monografi\u00ed <em>Druh\u00e1 moderna<\/em> (2005),<em> Model \u010dloveka a sveta v b\u00e1snickom diele J\u00e1na Smreka 1922 \u2013 1942<\/em> (2013),<em> B\u00e1snik v \u010dase: Smrek \u2013 Luk\u00e1\u010d \u2013 Novomesk\u00fd \u2013 Poni\u010dan<\/em> (2016) a spoluautorom a spolueditorom monografie <em>Modernizmus v pohybe<\/em> (2019). Edi\u010dne pripravil antol\u00f3giu <em>Druh\u00e1 moderna. Slovensk\u00e1 modernistick\u00e1 pr\u00f3za 1920 \u2013 1930<\/em> (2018). Jeho \u0161t\u00fadie s\u00fa s\u00fa\u010das\u0165ou viacer\u00fdch kolekt\u00edvnych monografi\u00ed, naposledy <em>Kontakty literat\u00fary (modely, identity, reprezent\u00e1cie)<\/em> (2020), <em>Portraying Countryside in Central European Literature<\/em> (2021).<\/p>\n","protected":false},"excerpt":{"rendered":"<p>Komentovan\u00e1 antol\u00f3gia DAV. Pr\u00f3za slovenskej \u013eavicovej avantgardy obsahuje prozaick\u00fa tvorbu \u010dlenov hnutia DAV z rokov 1922 a\u017e 1926 (J&#8230;<\/p>\n","protected":false},"featured_media":191,"comment_status":"closed","ping_status":"closed","template":"","meta":{"_acf_changed":false,"_secondary_title":""},"product_brand":[],"product_cat":[23,33],"product_tag":[],"class_list":{"0":"post-135","1":"product","2":"type-product","3":"status-publish","4":"has-post-thumbnail","6":"product_cat-kniha","7":"product_cat-kptl","9":"first","10":"instock","11":"purchasable","12":"product-type-simple"},"acf":[],"_links":{"self":[{"href":"https:\/\/kapital-noviny.sk\/eshop\/wp-json\/wp\/v2\/product\/135","targetHints":{"allow":["GET"]}}],"collection":[{"href":"https:\/\/kapital-noviny.sk\/eshop\/wp-json\/wp\/v2\/product"}],"about":[{"href":"https:\/\/kapital-noviny.sk\/eshop\/wp-json\/wp\/v2\/types\/product"}],"replies":[{"embeddable":true,"href":"https:\/\/kapital-noviny.sk\/eshop\/wp-json\/wp\/v2\/comments?post=135"}],"wp:featuredmedia":[{"embeddable":true,"href":"https:\/\/kapital-noviny.sk\/eshop\/wp-json\/wp\/v2\/media\/191"}],"wp:attachment":[{"href":"https:\/\/kapital-noviny.sk\/eshop\/wp-json\/wp\/v2\/media?parent=135"}],"wp:term":[{"taxonomy":"product_brand","embeddable":true,"href":"https:\/\/kapital-noviny.sk\/eshop\/wp-json\/wp\/v2\/product_brand?post=135"},{"taxonomy":"product_cat","embeddable":true,"href":"https:\/\/kapital-noviny.sk\/eshop\/wp-json\/wp\/v2\/product_cat?post=135"},{"taxonomy":"product_tag","embeddable":true,"href":"https:\/\/kapital-noviny.sk\/eshop\/wp-json\/wp\/v2\/product_tag?post=135"}],"curies":[{"name":"wp","href":"https:\/\/api.w.org\/{rel}","templated":true}]}}