{"id":278,"date":"2024-12-23T13:34:20","date_gmt":"2024-12-23T12:34:20","guid":{"rendered":"https:\/\/kapital-noviny.sk\/eshop\/?page_id=278"},"modified":"2025-06-25T15:12:54","modified_gmt":"2025-06-25T13:12:54","slug":"doprava","status":"publish","type":"page","link":"https:\/\/kapital-noviny.sk\/eshop\/doprava\/","title":{"rendered":"Doprava a platba"},"content":{"rendered":"\n<p>Z\u00e1sielky odosielame do 10 dn\u00ed od obdr\u017eania objedn\u00e1vky. V\u0161etky z\u00e1sielky obdr\u017ean\u00e9 do 00:00 predch\u00e1dzaj\u00faceho d\u0148a bud\u00fa odoslan\u00e9 na adresu uveden\u00fa v&nbsp;objedn\u00e1vke. O&nbsp;odoslan\u00ed z\u00e1sielky, pr\u00edpadn\u00fdch zmien, ome\u0161kania odosielania informujeme z\u00e1kazn\u00edka prostredn\u00edctvom e-mailu uveden\u00e9ho v&nbsp;objedn\u00e1vke.<\/p>\n\n\n\n<p>Z\u00e1kazn\u00edk plat\u00ed len za doru\u010dovanie prostredn\u00edctvom doru\u010dovacej slu\u017eby. Poplatky za baln\u00e9 nie s\u00fa \u00fa\u010dtovan\u00e9.<\/p>\n\n\n\n<p>Pri objedn\u00e1van\u00ed V\u00e1m syst\u00e9m automaticky vypo\u010d\u00edta cenu po\u0161tovn\u00e9ho pod\u013ea v\u00e1hy objednan\u00e9ho tovaru a&nbsp;adresy doru\u010denia.&nbsp;<\/p>\n\n\n\n<p>Z\u00e1sielky posielame v\u00fdhradne doporu\u010dene, aby sme predi\u0161li ich strate.<\/p>\n\n\n\n<h2 class=\"wp-block-heading\"><strong>Odosielanie v&nbsp;r\u00e1mci Slovenskej republiky<\/strong><\/h2>\n\n\n\n<p><em>Slovensk\u00e1 po\u0161ta\u00a0(doporu\u010dene na adresu) v\u00a0r\u00e1mci SR<\/em> \u2013 <a href=\"https:\/\/cennik.posta.sk\/\" target=\"_blank\" rel=\"noopener\">pod\u013ea aktu\u00e1lneho cenn\u00edka Slovenskej po\u0161ty<br><\/a>do 50 g: 2,70 eur<br>do 500 g: 3,50 eur<br>do 2 kg: 4,00 eur<br>do 5 kg: 5,50 eur<\/p>\n\n\n\n<h2 class=\"wp-block-heading\"><strong>Odosielanie do Zahrani\u010dia<\/strong><\/h2>\n\n\n\n<p>Z\u00e1sielky do zahrani\u010dia realizujeme v z\u00e1vislosti od krajiny prostredn\u00edctvom Slovenskej po\u0161ty.<\/p>\n\n\n\n<p><em>Cenn\u00edk Slovensk\u00e1 po\u0161ta<br>Slovensk\u00e1 po\u0161ta (doporu\u010dene na adresu) do \u010ceskej republiky: - <\/em><a href=\"https:\/\/cennik.posta.sk\/\" target=\"_blank\" rel=\"noopener\">pod\u013ea aktu\u00e1lneho cenn\u00edka Slovenskej po\u0161ty<\/a><\/p>\n\n\n\n<p>do 50 g: 5,60 eur<br>do 500 g: 7,20 eur<br>do 2 kg: 11,60 eur<br>do 3 kg (bal\u00edk): 10,50 eur<br>do 4 kg (bal\u00edk): 11,00 eur<br>do 5 kg (bal\u00edk): 12,00 eur<\/p>\n\n\n\n<p><em>Slovensk\u00e1 po\u0161ta (doporu\u010dene na adresu) Svet: -<\/em><a href=\"https:\/\/cennik.posta.sk\/\" target=\"_blank\" rel=\"noopener\"> pod\u013ea aktu\u00e1lneho cenn\u00edka Slovenskej po\u0161ty<\/a><\/p>\n\n\n\n<h2 class=\"wp-block-heading\"><strong>Sp\u00f4sob a&nbsp;cenn\u00edk platby<\/strong><\/h2>\n\n\n\n<p><em>Platba platobnou kartou <\/em>(Visa, Visa Electron, Mastercard, Maestro) prostredn\u00edctvom platobnej br\u00e1ny TrustCard \u2013 0 \u20ac<br>- po vytvoren\u00ed objedn\u00e1vky budete presmerovan\u00fd*\u00e1 na bezpe\u010dn\u00fa platobn\u00fa br\u00e1nu. Po sprocesovan\u00ed platby V\u00e1m bude doru\u010den\u00fd e-mail o&nbsp;prijat\u00ed objedn\u00e1vky.&nbsp;<\/p>\n\n\n\n<p><em>Platba prevodom na \u00fa\u010det veden\u00fd vo FIO banke<\/em> \u2013 0 \u20ac<\/p>\n\n\n\n<p>- po vyhotoven\u00ed a&nbsp;potvrden\u00ed objedn\u00e1vky V\u00e1m bude vygenerovan\u00fd e-mail s&nbsp;platobn\u00fdmi \u00fadajmi. Po prijat\u00ed prevodom na \u00fa\u010det bude Va\u0161a objedn\u00e1vka spracovan\u00e1 o&nbsp;\u010do V\u00e1s budeme informova\u0165 e-mailom.<\/p>\n\n\n\n<p>Platba na dobierku nie je mo\u017en\u00e1.<\/p>\n\n\n\n<p>Baln\u00e9 ani in\u00e9 poplatky sa ne\u00fa\u010dtuj\u00fa.<\/p>\n","protected":false},"excerpt":{"rendered":"<p>Z\u00e1sielky odosielame do 10 dn\u00ed od obdr\u017eania objedn\u00e1vky. V\u0161etky z\u00e1sielky obdr\u017ean\u00e9 do 00:00 predch\u00e1dzaj\u00faceho d\u0148a bud\u00fa odoslan\u00e9 na adresu uveden\u00fa v&nbsp;objedn\u00e1vke&#8230;<\/p>\n","protected":false},"author":1,"featured_media":0,"parent":0,"menu_order":0,"comment_status":"closed","ping_status":"closed","template":"","meta":{"_acf_changed":false,"_secondary_title":"","_page_links":"","footnotes":""},"class_list":["post-278","page","type-page","status-publish","hentry"],"acf":[],"_links":{"self":[{"href":"https:\/\/kapital-noviny.sk\/eshop\/wp-json\/wp\/v2\/pages\/278","targetHints":{"allow":["GET"]}}],"collection":[{"href":"https:\/\/kapital-noviny.sk\/eshop\/wp-json\/wp\/v2\/pages"}],"about":[{"href":"https:\/\/kapital-noviny.sk\/eshop\/wp-json\/wp\/v2\/types\/page"}],"author":[{"embeddable":true,"href":"https:\/\/kapital-noviny.sk\/eshop\/wp-json\/wp\/v2\/users\/1"}],"replies":[{"embeddable":true,"href":"https:\/\/kapital-noviny.sk\/eshop\/wp-json\/wp\/v2\/comments?post=278"}],"version-history":[{"count":5,"href":"https:\/\/kapital-noviny.sk\/eshop\/wp-json\/wp\/v2\/pages\/278\/revisions"}],"predecessor-version":[{"id":499,"href":"https:\/\/kapital-noviny.sk\/eshop\/wp-json\/wp\/v2\/pages\/278\/revisions\/499"}],"wp:attachment":[{"href":"https:\/\/kapital-noviny.sk\/eshop\/wp-json\/wp\/v2\/media?parent=278"}],"curies":[{"name":"wp","href":"https:\/\/api.w.org\/{rel}","templated":true}]}}